{"id":5919,"date":"2017-03-14T18:28:15","date_gmt":"2017-03-14T18:28:15","guid":{"rendered":"https:\/\/www.seasidemexico.com\/san-carlos\/?page_id=5919"},"modified":"2017-03-14T18:28:27","modified_gmt":"2017-03-14T18:28:27","slug":"timeline-of-mexico","status":"publish","type":"page","link":"https:\/\/www.seasidemexico.com\/san-carlos\/travel-information\/timeline-of-mexico\/","title":{"rendered":"A Timeline of Mexico"},"content":{"rendered":"<p>The country of Mexico has a rich and involved history. From its humble beginnings, Mexico has succeeded in building a nation that stands shoulder-to-shoulder with other modern nations. Ancient civilizations built vast cities in Mexico. These ancient cultures have had a weighty impact on the overall cultural makeup of this nation. The Mexican economy is buoyed by the tourism industry, including vacation rentals. Mexico points of interest include Cancun, Copper Canyon, Puerto Vallarta, Rocky Point rentals, and Puerto Pe\u00f1asco. Reservations are easily accessible.<br \/>\n&nbsp;<\/p>\n<ul>\n<li><a href=\"http:\/\/www.timemaps.com\/history\/mexico-central-america-1500bc\">1500 B.C.<\/a> &#8211; In roughly 1000 B.C., the Olmecs established their civilization. The Olmecs&#8217; civilization was located in central and southern Mexico, but it disappeared in approximately 400 B.C.<\/li>\n<li><a href=\"http:\/\/www.countriesquest.com\/north_america\/mexico\/history\/early_civilizations.htm\">600 B.C.<\/a> &#8211; Olmec influence gave way to other civilizations, including Mayan and Teotihuac\u00e1n cultures.<\/li>\n<li><a href=\"http:\/\/www.emersonkent.com\/governments_in_history\/parthian_empire.htm\">250<\/a> &#8211; The Mayan civilization became a dominant influence. Mayas left behind ruins that indicate advanced architectural capabilities.<\/li>\n<\/ul>\n<p>&nbsp;<br \/>\n<img loading=\"lazy\" decoding=\"async\" class=\"alignleft size-thumbnail wp-image-5247\" src=\"https:\/\/www.seasidemexico.com\/san-carlos\/files\/2015\/03\/images3-150x150.jpg\" alt=\"images3\" width=\"150\" height=\"150\" \/><\/p>\n<ul>\n<li><a href=\"http:\/\/mexicanhistory.org\/\">600<\/a> &#8211; The Toltec civilization gained a hold in Mexico&#8217;s central valley, thanks to their militaristic approach.<\/li>\n<li><a href=\"http:\/\/www.utexas.edu\/courses\/stross\/ant322m_files\/prehistory.htm\">900<\/a> &#8211; The Toltec civilization dominated Mexico until invaders finally weakened and subdued it in 1200.<\/li>\n<li><a href=\"http:\/\/www.houstonculture.org\/mexico\/aztecs.html\">1325<\/a> &#8211; Aztecs migrated to the central valley to settle. Eventually, the Aztecs joined with two other civilizations to form a three-way alliance in this region.<\/li>\n<li><a href=\"http:\/\/www.ancient.eu\/Aztec_Civilization\/\">1428<\/a> &#8211; The Aztec civilization continued to grow in Mexico. Aztec economy boomed and the empire grew, creating temples, bustling markets, and powerful political forces.<\/li>\n<li><a href=\"http:\/\/www.enchantedlearning.com\/explorers\/page\/c\/cordoba.shtml\">1517<\/a> &#8211; The first European explorer arrived on the Yucat\u00e1n peninsula. Francisco Fern\u00e1ndez de C\u00f3rdoba clashed with Mexican inhabitants, and he returned to Cuba with reports about his findings.<\/li>\n<li><a href=\"http:\/\/www.pbs.org\/weta\/thewest\/events\/1500_1650.htm\">1519<\/a> &#8211; Hern\u00e1n Cort\u00e9s left Cuba and arrived on the Yucat\u00e1n peninsula, intending to take over the region. Cort\u00e9s proceeded to march his troops inland into Mexico.<\/li>\n<li><a href=\"http:\/\/www.mapsofworld.com\/on-this-day\/august-13-1521-ce-hernan-cortes-conquers-the-aztec-capital-of-tenochtitlan\">1521<\/a> &#8211; Spaniard forces and their allies engaged in battles with the Aztecs and their allies. Eventually the Spaniard forces overcame the Aztecs and this civilization fell. Cort\u00e9s proceeded to raze the Aztec city, and he built Mexico City to replace it.<\/li>\n<li><a href=\"http:\/\/www.peninsularwar.org\/penwar_e.htm\">1808<\/a> &#8211; Napoleon Bonaparte assumed control of Spain. European conflicts set the stage for the Mexican war for independence.<\/li>\n<li><a href=\"http:\/\/www.tamu.edu\/faculty\/ccbn\/dewitt\/mexicanrev.htm\">1810<\/a> &#8211; Father Manuel Hidalgo incited a Mexican rebellion as inhabitants sought independence from the political forces that occupied Mexico City.<\/li>\n<li><a href=\"http:\/\/inside.sfuhs.org\/dept\/history\/Mexicoreader\/Chapter5\/Mexican%20Constitutions.pdf\">1814<\/a> (PDF) &#8211; Jose Morelos, a Mexican priest, took over for Hidalgo after his death. Morelos announced a Mexican republic.<\/li>\n<li><a href=\"http:\/\/www.loc.gov\/rr\/hispanic\/mexico\/iguala.html\">1821<\/a> &#8211; The Plan of Iguala established Mexico as an independent nation. The Roman Catholic Church was the official state church.<\/li>\n<li><a href=\"http:\/\/www.history.com\/this-day-in-history\/mexican-war-of-independence-begins\">1823<\/a> &#8211; Guadalupe Victoria became the first elected president of Mexico.<\/li>\n<li><a href=\"http:\/\/www.andrews.edu\/~rwright\/Oldwww\/Alamo\/santa.html\">1833<\/a> &#8211; Antonio L\u00f3pez de Santa Anna became president of Mexico. Sam Houston defeated Santa Anna in 1836 in the battle of San Jacinto.<\/li>\n<li><a href=\"http:\/\/www.ushistory.org\/us\/29d.asp\">1846<\/a> &#8211; The United States declared war on Mexico as the two countries vied for Texas. The U.S. defeated Mexico after a series of invasions.<\/li>\n<li><a href=\"https:\/\/history.state.gov\/milestones\/1861-1865\/french-intervention\">1857<\/a> &#8211; Juan \u00c1lvarez led Mexico toward reform with a new constitution that allowed freedoms such as freedom of speech and male suffrage.<\/li>\n<li><a href=\"http:\/\/www.napoleon.org\/en\/reading_room\/biographies\/files\/479881.asp\">1861<\/a> &#8211; Benito J\u00faarez became Mexican president. J\u00faarez is best remembered for his suspension of payment for Mexico&#8217;s debts to other governments. France placed Maximilian, the Archduke of Austria, onto the Mexican throne.<\/li>\n<li><a href=\"http:\/\/www.britannica.com\/EBchecked\/topic\/370459\/Maximilian\">1867<\/a> &#8211; With Benito J\u00faarez still the recognized leader of Mexico by many nations, France removed its troops from Mexico City. Maximilian relinquished his throne and J\u00faarez reassumed his control of Mexico. Maximilian is executed.<\/li>\n<li><a href=\"http:\/\/motherearthtravel.com\/history\/mexico\/history-11.htm\">1877<\/a> &#8211; Porfirio D\u00edaz became Mexico&#8217;s leader and ruled until 1911. D\u00edaz was instrumental in Mexico&#8217;s economic and commercial growth during his control.<\/li>\n<li><a href=\"http:\/\/www.wfu.edu\/history\/StudentWork\/fysprojects\/kmason\/second.htm\">1910<\/a> &#8211; Francisco Madero opposed D\u00edaz in a presidential election and won. Madero began working toward a popular revolution of Mexico.<\/li>\n<\/ul>\n<p>&nbsp;<br \/>\n<img loading=\"lazy\" decoding=\"async\" class=\" size-thumbnail wp-image-5249 alignleft\" src=\"https:\/\/www.seasidemexico.com\/san-carlos\/files\/2015\/03\/Corrido_de_Madero-150x150.png\" alt=\"Corrido_de_Madero\" width=\"150\" height=\"150\" \/><\/p>\n<ul>\n<li><a href=\"http:\/\/histclo.com\/country\/other\/mex\/hist\/rev\/mhr-hue.html\">1913<\/a> &#8211; Riots broke out and Madero was deposed in a coup by led by General Victoriano Huerta. Huerta assumed the title of dictator and ordered the execution of Madero.<\/li>\n<li><a href=\"http:\/\/www.latinamericanstudies.org\/mexico\/1917-Constitution.htm\">1917<\/a> &#8211; Venustiano Carranza kept Mexico out of World War I. Carranza paved the way to a new Mexican constitution.<\/li>\n<li><a href=\"http:\/\/www.fsmitha.com\/h2\/ch03mex4.htm\">1923<\/a> &#8211; General \u00c1lvaro Obreg\u00f3n was the Mexican president. Obreg\u00f3n stepped down briefly from the office of president, and he was then reelected in 1928.<\/li>\n<li><a href=\"http:\/\/faculty.tnstate.edu\/tcorse\/h353nts\/cardenas.htm\">1934<\/a> &#8211; L\u00e1zaro C\u00e1rdenas was elected president. C\u00e1rdenas was instrumental in reforms such as distributing land to peasants and administration of the oil industry.<\/li>\n<li><a href=\"http:\/\/historicaltextarchive.com\/sections.php?action=read&amp;artid=131\">1940<\/a> &#8211; Manuel \u00c1vila Camacho was elected Mexican president. Because of its alliance with the United States, Mexico declared war on the Axis powers after the Pearl Harbor attack.<\/li>\n<li><a href=\"http:\/\/www.worldatlas.com\/webimage\/countrys\/namerica\/mexico\/mxtimeln2.htm\">1946<\/a> &#8211; A new civilian president assumed power. Miguel Alem\u00e1n led Mexico through economic growth during this era.<\/li>\n<li><a href=\"http:\/\/www.olympic.org\/mexico-1968-summer-olympics\">1968<\/a> &#8211; The 1968 Olympic Games was hosted by Mexico City, despite a violent demonstration that occurred about 10 days before the opening of the games.<\/li>\n<li><a href=\"http:\/\/www.bloomberg.com\/bw\/articles\/2012-07-12\/mexico-may-finally-get-a-modern-oil-industry\">1976<\/a> &#8211; Oil is discovered in the Bay of Campeche. Later analysis of the oil reveals that it is of low quality.<\/li>\n<li><a href=\"http:\/\/earthquake.usgs.gov\/earthquakes\/world\/events\/1985_09_19.php\">1985<\/a> &#8211; An earthquake occurred on September 19, 1985, killing almost 10,000 people.<\/li>\n<li><a href=\"http:\/\/www.naftanow.org\/agreement\/default_en.asp\">1992<\/a> &#8211; Mexico&#8217;s President Carlos Salinas signed the North American Free Trade Agreement with U.S. President George H.W. Bush and Canadian Prime Minister Brian Mulroney.<\/li>\n<li><a href=\"http:\/\/dash.harvard.edu\/bitstream\/handle\/1\/9056792\/12-101.pdf?sequence=1\">1994<\/a> (PDF) &#8211; Ernesto Zedillo Ponce de Leon became Mexican president. Shortly thereafter, the Mexican peso took a sharp plunge in value.<\/li>\n<li><a href=\"http:\/\/www2.kenyon.edu\/Depts\/PSci\/Fac\/klesner\/apsa97_Table1.htm\">2000<\/a> &#8211; The Mexican presidency shifted over to Vicente Fox. Fox led the country with a conservative hand, working toward beneficial reform.<\/li>\n<li><a href=\"https:\/\/www.american.edu\/sis\/cnas\/upload\/workingpaper4_elections.pdf\">2006<\/a> (PDF) &#8211; A close election resulted in a presidential victory for Felipe Calder\u00f3n. This new president&#8217;s focus turned to internal issues such as social injustice and poverty.<\/li>\n<li><a href=\"http:\/\/country.eiu.com\/mexico\">Present Day<\/a> &#8211; In 2012, Enrique Pe\u00f1a Nieto was elected Mexico&#8217;s president. His focus centers on economic growth while addressing issues such as drug-related violence.<\/li>\n<\/ul>\n<p>&nbsp;<br \/>\nAlthough Mexico continues to struggle with significant issues such as poverty and drug-related violence, modest growth indicates improvements throughout the country. Consumer confidence continues to wane somewhat as residents struggle to remain optimistic about their economy. The beauty of the region reliably pulls tourists in for vacation rentals. Mexico offers sunny warmth and a rich historical culture for visitors. Tourists can find a variety of accommodations, including Rocky Point rentals, and Puerto Pe\u00f1asco reservations.<\/p>\n<div class=\"edited_by\"><a href=\"http:\/\/www.seasidemexico.com\/steve-schwab\/\">by Steve Schwab<\/a><\/div>\n<p>&nbsp;<\/p>\n","protected":false},"excerpt":{"rendered":"<p>The country of Mexico has a rich and involved history. From its humble beginnings, Mexico has succeeded in building a nation that stands shoulder-to-shoulder with other modern nations. Ancient civilizations built vast cities in Mexico. These ancient cultures have had a weighty impact on the overall cultural makeup of this nation. The Mexican economy is buoyed by the tourism industry, including vacation rentals. Mexico points of interest include Cancun, Copper Canyon, Puerto Vallarta, Rocky Point rentals, and Puerto Pe\u00f1asco. Reservations are easily accessible. &nbsp; 1500 B.C. &#8211; In roughly 1000 B.C., the Olmecs established their civilization. The Olmecs&#8217; civilization was [&hellip;]<\/p>\n","protected":false},"author":1,"featured_media":0,"parent":5294,"menu_order":0,"comment_status":"closed","ping_status":"closed","template":"search-result.php","meta":{"ngg_post_thumbnail":0,"footnotes":""},"class_list":["post-5919","page","type-page","status-publish","hentry"],"yoast_head":"<!-- This site is optimized with the Yoast SEO plugin v17.8 - https:\/\/yoast.com\/wordpress\/plugins\/seo\/ -->\n<meta name=\"robots\" content=\"index, follow, max-snippet:-1, max-image-preview:large, max-video-preview:-1\" \/>\n<link rel=\"canonical\" href=\"https:\/\/www.seasidemexico.com\/san-carlos\/travel-information\/timeline-of-mexico\/\" \/>\n<meta property=\"og:locale\" content=\"en_US\" \/>\n<meta property=\"og:type\" content=\"article\" \/>\n<meta property=\"og:title\" content=\"A Timeline of Mexico - San Carlos\" \/>\n<meta property=\"og:description\" content=\"The country of Mexico has a rich and involved history. From its humble beginnings, Mexico has succeeded in building a nation that stands shoulder-to-shoulder with other modern nations. Ancient civilizations built vast cities in Mexico. These ancient cultures have had a weighty impact on the overall cultural makeup of this nation. The Mexican economy is buoyed by the tourism industry, including vacation rentals. Mexico points of interest include Cancun, Copper Canyon, Puerto Vallarta, Rocky Point rentals, and Puerto Pe\u00f1asco. Reservations are easily accessible. &nbsp; 1500 B.C. &#8211; In roughly 1000 B.C., the Olmecs established their civilization. The Olmecs&#8217; civilization was [&hellip;]\" \/>\n<meta property=\"og:url\" content=\"https:\/\/www.seasidemexico.com\/san-carlos\/travel-information\/timeline-of-mexico\/\" \/>\n<meta property=\"og:site_name\" content=\"San Carlos\" \/>\n<meta property=\"article:modified_time\" content=\"2017-03-14T18:28:27+00:00\" \/>\n<meta property=\"og:image\" content=\"https:\/\/www.seasidemexico.com\/san-carlos\/files\/2015\/03\/images3-150x150.jpg\" \/>\n<meta name=\"twitter:card\" content=\"summary\" \/>\n<meta name=\"twitter:label1\" content=\"Est. reading time\" \/>\n\t<meta name=\"twitter:data1\" content=\"5 minutes\" \/>\n<script type=\"application\/ld+json\" class=\"yoast-schema-graph\">{\"@context\":\"https:\/\/schema.org\",\"@graph\":[{\"@type\":\"WebSite\",\"@id\":\"https:\/\/www.seasidemexico.com\/san-carlos\/#website\",\"url\":\"https:\/\/www.seasidemexico.com\/san-carlos\/\",\"name\":\"San Carlos\",\"description\":\"Just another Rocky Point Rentals Sites site\",\"potentialAction\":[{\"@type\":\"SearchAction\",\"target\":{\"@type\":\"EntryPoint\",\"urlTemplate\":\"https:\/\/www.seasidemexico.com\/san-carlos\/?s={search_term_string}\"},\"query-input\":\"required name=search_term_string\"}],\"inLanguage\":\"en-US\"},{\"@type\":\"ImageObject\",\"@id\":\"https:\/\/www.seasidemexico.com\/san-carlos\/travel-information\/timeline-of-mexico\/#primaryimage\",\"inLanguage\":\"en-US\",\"url\":\"https:\/\/www.seasidemexico.com\/san-carlos\/files\/2015\/03\/images3.jpg\",\"contentUrl\":\"https:\/\/www.seasidemexico.com\/san-carlos\/files\/2015\/03\/images3.jpg\",\"width\":259,\"height\":194},{\"@type\":\"WebPage\",\"@id\":\"https:\/\/www.seasidemexico.com\/san-carlos\/travel-information\/timeline-of-mexico\/#webpage\",\"url\":\"https:\/\/www.seasidemexico.com\/san-carlos\/travel-information\/timeline-of-mexico\/\",\"name\":\"A Timeline of Mexico - San Carlos\",\"isPartOf\":{\"@id\":\"https:\/\/www.seasidemexico.com\/san-carlos\/#website\"},\"primaryImageOfPage\":{\"@id\":\"https:\/\/www.seasidemexico.com\/san-carlos\/travel-information\/timeline-of-mexico\/#primaryimage\"},\"datePublished\":\"2017-03-14T18:28:15+00:00\",\"dateModified\":\"2017-03-14T18:28:27+00:00\",\"breadcrumb\":{\"@id\":\"https:\/\/www.seasidemexico.com\/san-carlos\/travel-information\/timeline-of-mexico\/#breadcrumb\"},\"inLanguage\":\"en-US\",\"potentialAction\":[{\"@type\":\"ReadAction\",\"target\":[\"https:\/\/www.seasidemexico.com\/san-carlos\/travel-information\/timeline-of-mexico\/\"]}]},{\"@type\":\"BreadcrumbList\",\"@id\":\"https:\/\/www.seasidemexico.com\/san-carlos\/travel-information\/timeline-of-mexico\/#breadcrumb\",\"itemListElement\":[{\"@type\":\"ListItem\",\"position\":1,\"name\":\"Home\",\"item\":\"https:\/\/www.seasidemexico.com\/san-carlos\/\"},{\"@type\":\"ListItem\",\"position\":2,\"name\":\"San Carlos Travel Information\",\"item\":\"https:\/\/www.seasidemexico.com\/san-carlos\/travel-information\/\"},{\"@type\":\"ListItem\",\"position\":3,\"name\":\"A Timeline of Mexico\"}]}]}<\/script>\n<!-- \/ Yoast SEO plugin. -->","yoast_head_json":{"robots":{"index":"index","follow":"follow","max-snippet":"max-snippet:-1","max-image-preview":"max-image-preview:large","max-video-preview":"max-video-preview:-1"},"canonical":"https:\/\/www.seasidemexico.com\/san-carlos\/travel-information\/timeline-of-mexico\/","og_locale":"en_US","og_type":"article","og_title":"A Timeline of Mexico - San Carlos","og_description":"The country of Mexico has a rich and involved history. From its humble beginnings, Mexico has succeeded in building a nation that stands shoulder-to-shoulder with other modern nations. Ancient civilizations built vast cities in Mexico. These ancient cultures have had a weighty impact on the overall cultural makeup of this nation. The Mexican economy is buoyed by the tourism industry, including vacation rentals. Mexico points of interest include Cancun, Copper Canyon, Puerto Vallarta, Rocky Point rentals, and Puerto Pe\u00f1asco. Reservations are easily accessible. &nbsp; 1500 B.C. &#8211; In roughly 1000 B.C., the Olmecs established their civilization. The Olmecs&#8217; civilization was [&hellip;]","og_url":"https:\/\/www.seasidemexico.com\/san-carlos\/travel-information\/timeline-of-mexico\/","og_site_name":"San Carlos","article_modified_time":"2017-03-14T18:28:27+00:00","og_image":[{"url":"https:\/\/www.seasidemexico.com\/san-carlos\/files\/2015\/03\/images3-150x150.jpg"}],"twitter_card":"summary","twitter_misc":{"Est. reading time":"5 minutes"},"schema":{"@context":"https:\/\/schema.org","@graph":[{"@type":"WebSite","@id":"https:\/\/www.seasidemexico.com\/san-carlos\/#website","url":"https:\/\/www.seasidemexico.com\/san-carlos\/","name":"San Carlos","description":"Just another Rocky Point Rentals Sites site","potentialAction":[{"@type":"SearchAction","target":{"@type":"EntryPoint","urlTemplate":"https:\/\/www.seasidemexico.com\/san-carlos\/?s={search_term_string}"},"query-input":"required name=search_term_string"}],"inLanguage":"en-US"},{"@type":"ImageObject","@id":"https:\/\/www.seasidemexico.com\/san-carlos\/travel-information\/timeline-of-mexico\/#primaryimage","inLanguage":"en-US","url":"https:\/\/www.seasidemexico.com\/san-carlos\/files\/2015\/03\/images3.jpg","contentUrl":"https:\/\/www.seasidemexico.com\/san-carlos\/files\/2015\/03\/images3.jpg","width":259,"height":194},{"@type":"WebPage","@id":"https:\/\/www.seasidemexico.com\/san-carlos\/travel-information\/timeline-of-mexico\/#webpage","url":"https:\/\/www.seasidemexico.com\/san-carlos\/travel-information\/timeline-of-mexico\/","name":"A Timeline of Mexico - San Carlos","isPartOf":{"@id":"https:\/\/www.seasidemexico.com\/san-carlos\/#website"},"primaryImageOfPage":{"@id":"https:\/\/www.seasidemexico.com\/san-carlos\/travel-information\/timeline-of-mexico\/#primaryimage"},"datePublished":"2017-03-14T18:28:15+00:00","dateModified":"2017-03-14T18:28:27+00:00","breadcrumb":{"@id":"https:\/\/www.seasidemexico.com\/san-carlos\/travel-information\/timeline-of-mexico\/#breadcrumb"},"inLanguage":"en-US","potentialAction":[{"@type":"ReadAction","target":["https:\/\/www.seasidemexico.com\/san-carlos\/travel-information\/timeline-of-mexico\/"]}]},{"@type":"BreadcrumbList","@id":"https:\/\/www.seasidemexico.com\/san-carlos\/travel-information\/timeline-of-mexico\/#breadcrumb","itemListElement":[{"@type":"ListItem","position":1,"name":"Home","item":"https:\/\/www.seasidemexico.com\/san-carlos\/"},{"@type":"ListItem","position":2,"name":"San Carlos Travel Information","item":"https:\/\/www.seasidemexico.com\/san-carlos\/travel-information\/"},{"@type":"ListItem","position":3,"name":"A Timeline of Mexico"}]}]}},"_links":{"self":[{"href":"https:\/\/www.seasidemexico.com\/san-carlos\/wp-json\/wp\/v2\/pages\/5919","targetHints":{"allow":["GET"]}}],"collection":[{"href":"https:\/\/www.seasidemexico.com\/san-carlos\/wp-json\/wp\/v2\/pages"}],"about":[{"href":"https:\/\/www.seasidemexico.com\/san-carlos\/wp-json\/wp\/v2\/types\/page"}],"author":[{"embeddable":true,"href":"https:\/\/www.seasidemexico.com\/san-carlos\/wp-json\/wp\/v2\/users\/1"}],"replies":[{"embeddable":true,"href":"https:\/\/www.seasidemexico.com\/san-carlos\/wp-json\/wp\/v2\/comments?post=5919"}],"version-history":[{"count":0,"href":"https:\/\/www.seasidemexico.com\/san-carlos\/wp-json\/wp\/v2\/pages\/5919\/revisions"}],"up":[{"embeddable":true,"href":"https:\/\/www.seasidemexico.com\/san-carlos\/wp-json\/wp\/v2\/pages\/5294"}],"wp:attachment":[{"href":"https:\/\/www.seasidemexico.com\/san-carlos\/wp-json\/wp\/v2\/media?parent=5919"}],"curies":[{"name":"wp","href":"https:\/\/api.w.org\/{rel}","templated":true}]}}