{"id":3635,"date":"2015-12-22T17:23:40","date_gmt":"2015-12-22T17:23:40","guid":{"rendered":"https:\/\/www.seasidemexico.com\/rockypoint\/?page_id=3635"},"modified":"2017-08-31T20:50:35","modified_gmt":"2017-08-31T20:50:35","slug":"boat-rentals","status":"publish","type":"page","link":"https:\/\/www.seasidemexico.com\/rocky-point\/things-to-do\/boat-rentals\/","title":{"rendered":"Boat Rentals in Rocky Point, Mexico"},"content":{"rendered":"<p>If you want to boat on the Sea of Cortez, why not shove off from Puerto Penasco? Choosing one of the many <strong>Rocky Point boat rentals<\/strong> available allows you the opportunity to experience the vastness of the sea up close and personal. With just a brief excursion out onto the sea, tried-and-true land-lovers can build a new appreciation for aquatic life. Whether you want a romantic private excursion, a sunset booze cruise, an eco-tour, or chartered fishing, you\u2019ll find it all in Rocky Point, Mexico.<\/p>\n<h2>The Sea of Cortez<\/h2>\n<p>Sailing the Sea of Cortez is a world-renowned experience on the bucket list of any serious boater. The beautiful, crystal-clear, warm waters, combined with hundreds of secluded bays and islands, makes it an unforgettable adventure. It is one of the rare places in the world when you can wake up in a private bay, truly away from it all! The Sea of Cortez is often referred to as &#8220;aquarium to the world,&#8221; with its rich and diverse marine life and unparalleled fishing opportunities.<\/p>\n<h2>Boating Seasons in Rocky Point<\/h2>\n<p><strong>Whale watching:<\/strong> Whale-watching runs from January through March. While this is normally the \u201coff season\u201d in Rocky Point, whale-watching is bringing more and more visitors to town. Fin whales and gray whales migrate down south from the Bering Strait to have their babies in the warm waters of Puerto Penasco. In addition to the relaxed pods of floating whales cresting the water line to greet you, it\u2019s not uncommon to witness swimming turtles, gliding rays, and jumping dolphins as well. In some cases, you may be able to see this oceanic activity right from the comfort of one of our fully furnished vacation homes, if you book one of Sea Side Reservations\u2019&nbsp;beachfront properties in Rocky Point&nbsp;with large bay windows or balconies!<\/p>\n<p><strong>Fishing:<\/strong> The islands, reefs, and estuaries of Rocky Point attract many different kinds of fish &#8212; and sport fishers, too! Spring and summer charters go out to the \u201c51-mile reef\u201d outside Cholla Bay, where there is halibut, red snapper, mackerel, whitefish, trout, and gold spotted bass. Water temperatures are at the highest in late summer and early fall, which increases the odds of catching trophy fish like dorado, sailfish, and marlin further from shore. You can fish for rock bass and trigger fish from shore in the \u201cOld Port\u201d in Penasco, where local fishermen can be found selling their catch of the day. Winter is a less popular time to fish, but you may still come across grouper, pinto bass, red snapper, and yellowtail in the chilly waters.<\/p>\n<p><strong>Shrimping:<\/strong> Mexico exports more than 90 million pounds of shrimp to the United States each year. Prime shrimping season runs from September to December, although there will still be a few boats out as late as April. It is a great time to visit and enjoy fresh shrimp \u2013 not to mention, see the hundred or so boats in the shrimping fleet leaving shore for a few weeks. You\u2019ll find many shrimp-related souvenirs and large bronze statues in Plaza del Camar\u00f3n and the Malec\u00f3n dedicated to the shrimping industry. The Malec\u00f3n Avenue plaza is a popular place to watch shrimping boats come and go.<\/p>\n<h2>Rocky Point charters and boat rentals<\/h2>\n<p><a href=\"\/rocky-point\/things-to-do\/\">Recreational activities<\/a>, like guided boat tours, cruises, parasailing, and jet-skiing, give vacationers access to the fun and incredible beauty of the Sea of Cortez. Puerto Penasco boasts a very successful industry revolving around Rocky Point boat rentals. Here are a few highly rated options:<\/p>\n<ul>\n<li><a href=\"https:\/\/www.seasidemexico.com\/bloger\/kayak-rocky-point-and-take-full-advantage-of-this-amazing-area\/\">Kayak Rocky Point<\/a>: Rent a paddle-powered or pedal-powered kayak here and have it delivered to your beach house or condo!<\/li>\n<li><a href=\"http:\/\/www.ecofunrentals.com\/category\/rentals\/\">EcoFun Rentals<\/a>: Go out on a charter boat tour or rent kayaks, banana boats, paddle boards, or boogie boards.<\/li>\n<li><a href=\"http:\/\/www.delmarcharters.com\/services.html\">Del Mar Charters<\/a>: This business offers popular sunset cruises, whale-watches, and fishing charters, and you can also rent kayaks.<\/li>\n<li><a href=\"http:\/\/pacificacharters.com\/yachts\">Pacifica Charters<\/a>: Looking for an upscale experience? Charter a yacht and head out on the water in style.<\/li>\n<li><a href=\"https:\/\/www.rockypointsunsetcruise.com\/\">Senorita Rita<\/a>: The newest cruise in town is a classy and intimate way to enjoy a great Rocky Point sunset.&nbsp;<\/li>\n<\/ul>\n<h2>Bird Island Tours<strong>&nbsp;<\/strong><\/h2>\n<p>Bird Island (Isla San Jorge) is one of the most popular boating destinations in Rocky Point. This beautiful island, located 27 miles south of town, is a frequent resting place for birds and other wildlife crossing the Sea of Cortez. The reserved area of shelter for 20 different species of migratory animals \u2013 including brown pelicans, marine swallows, and blue-footed boobies &#8212; and has even been featured on the Discovery Channel and Animal Planet. You\u2019ll likely see many different bird species along with dolphins, whales, and a large colony of over 3,500 sea lions. A tour here is an opportunity to jump in and actually swim with the young, curious animals. Once you reach the island, you can swim, scuba, snorkel, or kayak. Most guided tours last 4 to 6 hours round trip, and some offer open bar and lunch included with their rates.<\/p>\n<p><strong>These are some of the boat tour companies that go to Bird Island:<\/strong><\/p>\n<ul>\n<li><strong>Eco Fun Rentals Land and Sea Excursions&nbsp;<\/strong>Mexico: (638) 388 9699&nbsp;&nbsp; USA: (602) 635 3736<\/li>\n<li><strong>Rocky Point Boat Charters <\/strong>From the U.S. 602-324-9529&nbsp; In Rocky Point 638\u2013383-4963<\/li>\n<li><strong>Del Mar Charters <\/strong>520-407-6054&nbsp; Price:&nbsp; $85.00 per adult, children under 12 $55.00 each&nbsp; Lunch(burritos), soft drinks, bottled water, beer and margaritas are included.&nbsp; Restroom available on boat.<\/li>\n<li><strong>Santiagos Ocean Services <\/strong>US 602-324-9558 From Mexico 638-388-5318<\/li>\n<\/ul>\n<h2>Marina Pinacate in Rocky Point offers boat access and accommodation<\/h2>\n<p>One of the best places for boaters to set down anchor is <a href=\"\/rocky-point\/vacation-rentals\/marina-pinacate\/\">Marina Pinacate<\/a>, which offers close proximity to the bustling restaurants, taco stands, cafes, shops, and bars of 13<sup>th<\/sup> Street &#8212; but also beach access 50 yards away. Most units offer ocean views, offering breathtaking glimpses of the lighthouse, shrimp boats, and sunsets. These private condos are fully equipped with all the modern conveniences \u2013 full kitchens with microwaves, stoves, dishes, coffee makers, and dishwashers; pull-out sofas and furnished outdoor patios for entertaining guests; big screen TVs with cable; maid service; and tasteful d\u00e9cor.<\/p>\n<h2>Prepare for Puerto Penasco Paradise<\/h2>\n<p>Rocky Point boat rentals come with all you need to experience a safe trip out onto the ocean, but it can be important to prepare for the fun by learning and practicing&nbsp;<a href=\"http:\/\/dnr.wi.gov\/topic\/boat\/boatsafetytips.html\">boat safety<\/a>. Before you ride out into the sunset, invest in some swimming lessons and safety courses. Check the Rocky Point weather conditions and keep apprised of the tides before setting out to sea. Planning ahead can guarantee that you\u2019ll have the best trip possible, both during the day and when you\u2019re back at your roomy vacation rental at night.<\/p>\n<p>At Sea Side Reservations, we specialize in luxury, whether by land or by sea. Our commitment to providing the very best in rentals means that our vacation properties tend to fill up fast. Book your reservation online with us today to ensure that you get to experience the best of Rocky Point in complete luxury. Our friendly staff is waiting to help guide you through the process of reserving a little piece of paradise.&nbsp;<a href=\"\/info\/contact-us\/\">Contact us<\/a>&nbsp;today!<\/p>\n","protected":false},"excerpt":{"rendered":"<p>If you want to boat on the Sea of Cortez, why not shove off from Puerto Penasco? Choosing one of the many Rocky Point boat rentals available allows you the opportunity to experience the vastness of the sea up close and personal. With just a brief excursion out onto the sea, tried-and-true land-lovers can build a new appreciation for aquatic life. Whether you want a romantic private excursion, a sunset booze cruise, an eco-tour, or chartered fishing, you\u2019ll find it all in Rocky Point, Mexico. The Sea of Cortez Sailing the Sea of Cortez is a world-renowned experience on the [&hellip;]<\/p>\n","protected":false},"author":1,"featured_media":0,"parent":3882,"menu_order":0,"comment_status":"closed","ping_status":"closed","template":"search-result.php","meta":{"ngg_post_thumbnail":0,"footnotes":""},"class_list":["post-3635","page","type-page","status-publish","hentry"],"yoast_head":"<!-- This site is optimized with the Yoast SEO plugin v17.8 - https:\/\/yoast.com\/wordpress\/plugins\/seo\/ -->\n<meta name=\"description\" content=\"Rocky Point boat rentals let you enjoy the Sea of Cortez up close, and when you book our Rocky Point luxury vacation homes, relaxation will await on shore!\" \/>\n<meta name=\"robots\" content=\"index, follow, max-snippet:-1, max-image-preview:large, max-video-preview:-1\" \/>\n<link rel=\"canonical\" href=\"https:\/\/www.seasidemexico.com\/rocky-point\/things-to-do\/boat-rentals\/\" \/>\n<meta property=\"og:locale\" content=\"en_US\" \/>\n<meta property=\"og:type\" content=\"article\" \/>\n<meta property=\"og:title\" content=\"Rocky Point Boat Rentals | Mexico Vacations | Sea Side Reservations\" \/>\n<meta property=\"og:description\" content=\"Rocky Point boat rentals let you enjoy the Sea of Cortez up close, and when you book our Rocky Point luxury vacation homes, relaxation will await on shore!\" \/>\n<meta property=\"og:url\" content=\"https:\/\/www.seasidemexico.com\/rocky-point\/things-to-do\/boat-rentals\/\" \/>\n<meta property=\"og:site_name\" content=\"Rocky Point\" \/>\n<meta property=\"article:modified_time\" content=\"2017-08-31T20:50:35+00:00\" \/>\n<meta name=\"twitter:card\" content=\"summary\" \/>\n<meta name=\"twitter:label1\" content=\"Est. reading time\" \/>\n\t<meta name=\"twitter:data1\" content=\"6 minutes\" \/>\n<script type=\"application\/ld+json\" class=\"yoast-schema-graph\">{\"@context\":\"https:\/\/schema.org\",\"@graph\":[{\"@type\":\"WebSite\",\"@id\":\"https:\/\/www.seasidemexico.com\/rocky-point\/#website\",\"url\":\"https:\/\/www.seasidemexico.com\/rocky-point\/\",\"name\":\"Rocky Point\",\"description\":\"Just another Rocky Point Rentals Sites site\",\"potentialAction\":[{\"@type\":\"SearchAction\",\"target\":{\"@type\":\"EntryPoint\",\"urlTemplate\":\"https:\/\/www.seasidemexico.com\/rocky-point\/?s={search_term_string}\"},\"query-input\":\"required name=search_term_string\"}],\"inLanguage\":\"en-US\"},{\"@type\":\"WebPage\",\"@id\":\"https:\/\/www.seasidemexico.com\/rocky-point\/things-to-do\/boat-rentals\/#webpage\",\"url\":\"https:\/\/www.seasidemexico.com\/rocky-point\/things-to-do\/boat-rentals\/\",\"name\":\"Rocky Point Boat Rentals | Mexico Vacations | Sea Side Reservations\",\"isPartOf\":{\"@id\":\"https:\/\/www.seasidemexico.com\/rocky-point\/#website\"},\"datePublished\":\"2015-12-22T17:23:40+00:00\",\"dateModified\":\"2017-08-31T20:50:35+00:00\",\"description\":\"Rocky Point boat rentals let you enjoy the Sea of Cortez up close, and when you book our Rocky Point luxury vacation homes, relaxation will await on shore!\",\"breadcrumb\":{\"@id\":\"https:\/\/www.seasidemexico.com\/rocky-point\/things-to-do\/boat-rentals\/#breadcrumb\"},\"inLanguage\":\"en-US\",\"potentialAction\":[{\"@type\":\"ReadAction\",\"target\":[\"https:\/\/www.seasidemexico.com\/rocky-point\/things-to-do\/boat-rentals\/\"]}]},{\"@type\":\"BreadcrumbList\",\"@id\":\"https:\/\/www.seasidemexico.com\/rocky-point\/things-to-do\/boat-rentals\/#breadcrumb\",\"itemListElement\":[{\"@type\":\"ListItem\",\"position\":1,\"name\":\"Home\",\"item\":\"https:\/\/www.seasidemexico.com\/rocky-point\/\"},{\"@type\":\"ListItem\",\"position\":2,\"name\":\"Things to Do in Rocky Point, Mexico\",\"item\":\"https:\/\/www.seasidemexico.com\/rocky-point\/things-to-do\/\"},{\"@type\":\"ListItem\",\"position\":3,\"name\":\"Boat Rentals in Rocky Point, Mexico\"}]}]}<\/script>\n<!-- \/ Yoast SEO plugin. -->","yoast_head_json":{"description":"Rocky Point boat rentals let you enjoy the Sea of Cortez up close, and when you book our Rocky Point luxury vacation homes, relaxation will await on shore!","robots":{"index":"index","follow":"follow","max-snippet":"max-snippet:-1","max-image-preview":"max-image-preview:large","max-video-preview":"max-video-preview:-1"},"canonical":"https:\/\/www.seasidemexico.com\/rocky-point\/things-to-do\/boat-rentals\/","og_locale":"en_US","og_type":"article","og_title":"Rocky Point Boat Rentals | Mexico Vacations | Sea Side Reservations","og_description":"Rocky Point boat rentals let you enjoy the Sea of Cortez up close, and when you book our Rocky Point luxury vacation homes, relaxation will await on shore!","og_url":"https:\/\/www.seasidemexico.com\/rocky-point\/things-to-do\/boat-rentals\/","og_site_name":"Rocky Point","article_modified_time":"2017-08-31T20:50:35+00:00","twitter_card":"summary","twitter_misc":{"Est. reading time":"6 minutes"},"schema":{"@context":"https:\/\/schema.org","@graph":[{"@type":"WebSite","@id":"https:\/\/www.seasidemexico.com\/rocky-point\/#website","url":"https:\/\/www.seasidemexico.com\/rocky-point\/","name":"Rocky Point","description":"Just another Rocky Point Rentals Sites site","potentialAction":[{"@type":"SearchAction","target":{"@type":"EntryPoint","urlTemplate":"https:\/\/www.seasidemexico.com\/rocky-point\/?s={search_term_string}"},"query-input":"required name=search_term_string"}],"inLanguage":"en-US"},{"@type":"WebPage","@id":"https:\/\/www.seasidemexico.com\/rocky-point\/things-to-do\/boat-rentals\/#webpage","url":"https:\/\/www.seasidemexico.com\/rocky-point\/things-to-do\/boat-rentals\/","name":"Rocky Point Boat Rentals | Mexico Vacations | Sea Side Reservations","isPartOf":{"@id":"https:\/\/www.seasidemexico.com\/rocky-point\/#website"},"datePublished":"2015-12-22T17:23:40+00:00","dateModified":"2017-08-31T20:50:35+00:00","description":"Rocky Point boat rentals let you enjoy the Sea of Cortez up close, and when you book our Rocky Point luxury vacation homes, relaxation will await on shore!","breadcrumb":{"@id":"https:\/\/www.seasidemexico.com\/rocky-point\/things-to-do\/boat-rentals\/#breadcrumb"},"inLanguage":"en-US","potentialAction":[{"@type":"ReadAction","target":["https:\/\/www.seasidemexico.com\/rocky-point\/things-to-do\/boat-rentals\/"]}]},{"@type":"BreadcrumbList","@id":"https:\/\/www.seasidemexico.com\/rocky-point\/things-to-do\/boat-rentals\/#breadcrumb","itemListElement":[{"@type":"ListItem","position":1,"name":"Home","item":"https:\/\/www.seasidemexico.com\/rocky-point\/"},{"@type":"ListItem","position":2,"name":"Things to Do in Rocky Point, Mexico","item":"https:\/\/www.seasidemexico.com\/rocky-point\/things-to-do\/"},{"@type":"ListItem","position":3,"name":"Boat Rentals in Rocky Point, Mexico"}]}]}},"_links":{"self":[{"href":"https:\/\/www.seasidemexico.com\/rocky-point\/wp-json\/wp\/v2\/pages\/3635","targetHints":{"allow":["GET"]}}],"collection":[{"href":"https:\/\/www.seasidemexico.com\/rocky-point\/wp-json\/wp\/v2\/pages"}],"about":[{"href":"https:\/\/www.seasidemexico.com\/rocky-point\/wp-json\/wp\/v2\/types\/page"}],"author":[{"embeddable":true,"href":"https:\/\/www.seasidemexico.com\/rocky-point\/wp-json\/wp\/v2\/users\/1"}],"replies":[{"embeddable":true,"href":"https:\/\/www.seasidemexico.com\/rocky-point\/wp-json\/wp\/v2\/comments?post=3635"}],"version-history":[{"count":0,"href":"https:\/\/www.seasidemexico.com\/rocky-point\/wp-json\/wp\/v2\/pages\/3635\/revisions"}],"up":[{"embeddable":true,"href":"https:\/\/www.seasidemexico.com\/rocky-point\/wp-json\/wp\/v2\/pages\/3882"}],"wp:attachment":[{"href":"https:\/\/www.seasidemexico.com\/rocky-point\/wp-json\/wp\/v2\/media?parent=3635"}],"curies":[{"name":"wp","href":"https:\/\/api.w.org\/{rel}","templated":true}]}}