{"id":2193,"date":"2017-10-21T18:26:24","date_gmt":"2017-10-21T18:26:24","guid":{"rendered":"https:\/\/www.seasidemexico.com\/riviera-nayarit\/?page_id=2193"},"modified":"2017-10-21T18:31:12","modified_gmt":"2017-10-21T18:31:12","slug":"peninsula-resort","status":"publish","type":"page","link":"https:\/\/www.seasidemexico.com\/riviera-nayarit\/vacation-rentals\/nuevo-vallarta\/peninsula-resort\/","title":{"rendered":"Peninsula Resort"},"content":{"rendered":"<p>Be part of the modernity and tranquility in this beautiful beach of Nuevo Vallarta, while staying in this beautiful resort. Enjoy its ammenities, large pools, looking at the beach, ocean, lots of garden, spa, large fitness center, 2 restaurants, playground for kids, etc. <\/p>\n<p>Pen\u00ednsula Nuevo Vallarta is at the right location, conviniently close to everything, like Bucer\u00edas, La Cruz, Sayulita, etc, to the north side, and to the south, 15 minutes to the airport and Puerto Vallarta downtown in 10 more.<\/p>\n<p>See you at Pen\u00ednsula!<\/p>\n<p>&#8212;<\/p>\n<p>Sea parte de la modernidad y la tranquilidad en esta hermosa playa de Nuevo Vallarta, mientras se hospeda en este hermoso complejo. Disfrute de sus comodidades, grandes piscinas, mirando a la playa, al oc\u00e9ano, a muchos jardines, spa, gimnasio grande, 2 restaurantes, \u00e1rea de juegos para ni\u00f1os, etc.<\/p>\n<p>Pen\u00ednsula Nuevo Vallarta est\u00e1 en el lugar correcto, convenientemente cerca de todo, como Bucer\u00edas, La Cruz, Sayulita, etc., hacia el lado norte, y hacia el sur, a 15 minutos del aeropuerto y al centro de Puerto Vallarta en 10 m\u00e1s.<\/p>\n<p>\u00a1Nos vemos en Pen\u00ednsula!<\/p>\n<div id=\"dialog-inquiry-form\" style=\"display:none;\"><div role=\"form\" class=\"wpcf7\" id=\"wpcf7-f1312-o1\" dir=\"ltr\">\n<div class=\"screen-reader-response\"><\/div>\n<form action=\"\/riviera-nayarit\/wp-json\/wp\/v2\/pages\/2193#wpcf7-f1312-o1\" method=\"post\" class=\"wpcf7-form\" novalidate=\"novalidate\">\n<div style=\"display: none;\">\n<input type=\"hidden\" name=\"_wpcf7\" value=\"1312\" \/>\n<input type=\"hidden\" name=\"_wpcf7_version\" value=\"4.7\" \/>\n<input type=\"hidden\" name=\"_wpcf7_locale\" value=\"\" \/>\n<input type=\"hidden\" name=\"_wpcf7_unit_tag\" value=\"wpcf7-f1312-o1\" \/>\n<input type=\"hidden\" name=\"_wpnonce\" value=\"a5dfc90bfe\" \/>\n<\/div>\n<div class=\"form-group\">\n  <label for=\"fullname\">Name*:<\/label><br \/>\n  <span class=\"wpcf7-form-control-wrap fullname\"><input type=\"text\" name=\"fullname\" value=\"\" size=\"40\" class=\"wpcf7-form-control wpcf7-text wpcf7-validates-as-required form-control\" id=\"fullname\" aria-required=\"true\" aria-invalid=\"false\" \/><\/span>\n<\/div>\n<div class=\"form-group\">\n  <label for=\"email\">Email*:<\/label><br \/>\n  <span class=\"wpcf7-form-control-wrap email\"><input type=\"email\" name=\"email\" value=\"\" size=\"40\" class=\"wpcf7-form-control wpcf7-text wpcf7-email wpcf7-validates-as-required wpcf7-validates-as-email form-control\" id=\"email\" aria-required=\"true\" aria-invalid=\"false\" \/><\/span>\n<\/div>\n<div class=\"form-group\">\n  <label>Phone*:<\/label><br \/>\n  <span class=\"wpcf7-form-control-wrap phone\"><input type=\"text\" name=\"phone\" value=\"\" size=\"40\" class=\"wpcf7-form-control wpcf7-text wpcf7-validates-as-required form-control\" id=\"phone\" aria-required=\"true\" aria-invalid=\"false\" \/><\/span>\n<\/div>\n<div class=\"form-group\">\n  <label for=\"month\">How many months:<\/label><br \/>\n  <span class=\"wpcf7-form-control-wrap month\"><select name=\"month\" class=\"wpcf7-form-control wpcf7-select wpcf7-validates-as-required form-control\" id=\"month\" aria-required=\"true\" aria-invalid=\"false\"><option value=\"1\">1<\/option><option value=\"2\">2<\/option><option value=\"3\">3<\/option><option value=\"4\">4<\/option><option value=\"5\">5<\/option><option value=\"6\">6<\/option><option value=\"7\">7<\/option><option value=\"8\">8<\/option><option value=\"9\">9<\/option><option value=\"10\">10<\/option><option value=\"11\">11<\/option><option value=\"12\">12<\/option><\/select><\/span>\n<\/div>\n<div class=\"form-group\">\n  <label for=\"startmonth\">Starting month:<\/label><br \/>\n  <span class=\"wpcf7-form-control-wrap startmonth\"><select name=\"startmonth\" class=\"wpcf7-form-control wpcf7-select wpcf7-validates-as-required form-control\" id=\"startmonth\" aria-required=\"true\" aria-invalid=\"false\"><option value=\"January\">January<\/option><option value=\"February\">February<\/option><option value=\"March\">March<\/option><option value=\"April\">April<\/option><option value=\"May\">May<\/option><option value=\"June\">June<\/option><option value=\"July\">July<\/option><option value=\"August\">August<\/option><option value=\"September\">September<\/option><option value=\"October\">October<\/option><option value=\"November\">November<\/option><option value=\"December\">December<\/option><\/select><\/span>\n<\/div>\n<div class=\"form-group\">\n  <label for=\"comments\">Message:<\/label><br \/>\n  <span class=\"wpcf7-form-control-wrap comments\"><textarea name=\"comments\" cols=\"5\" rows=\"5\" class=\"wpcf7-form-control wpcf7-textarea form-control\" id=\"comments\" aria-invalid=\"false\"><\/textarea><\/span>\n<\/div>\n<div class=\"form-group\">\n<div class=\"wpcf7-form-control-wrap\"><div data-sitekey=\"6LeAXCgUAAAAAN26H1AGRNgePO406438Mp9D-bts\" class=\"wpcf7-form-control g-recaptcha wpcf7-recaptcha\"><\/div>\n<noscript>\n\t<div style=\"width: 302px; height: 422px;\">\n\t\t<div style=\"width: 302px; height: 422px; position: relative;\">\n\t\t\t<div style=\"width: 302px; height: 422px; position: absolute;\">\n\t\t\t\t<iframe src=\"https:\/\/www.google.com\/recaptcha\/api\/fallback?k=6LeAXCgUAAAAAN26H1AGRNgePO406438Mp9D-bts\" frameborder=\"0\" scrolling=\"no\" style=\"width: 302px; height:422px; border-style: none;\">\n\t\t\t\t<\/iframe>\n\t\t\t<\/div>\n\t\t\t<div style=\"width: 300px; height: 60px; border-style: none; bottom: 12px; left: 25px; margin: 0px; padding: 0px; right: 25px; background: #f9f9f9; border: 1px solid #c1c1c1; border-radius: 3px;\">\n\t\t\t\t<textarea id=\"g-recaptcha-response\" name=\"g-recaptcha-response\" class=\"g-recaptcha-response\" style=\"width: 250px; height: 40px; border: 1px solid #c1c1c1; margin: 10px 25px; padding: 0px; resize: none;\">\n\t\t\t\t<\/textarea>\n\t\t\t<\/div>\n\t\t<\/div>\n\t<\/div>\n<\/noscript>\n<\/div>\n<\/div>\n<p><input type=\"hidden\" value=\"\" id=\"inquiry_unit_name\" class=\"inquery_seaside\" name=\"inquery_seaside\"><\/p>\n<div class=\"form-group\">\n  <input type=\"submit\" value=\"Submit\" class=\"wpcf7-form-control wpcf7-submit blue_button\" \/>\n<\/div>\n<div class=\"wpcf7-response-output wpcf7-display-none\"><\/div><\/form><\/div><\/div><div id=\"resortpro_ajax_search\" data-location_id=\"280704\" style=\"min-height: 300px;\" class=\"box\"><\/div>\n","protected":false},"excerpt":{"rendered":"<p>Be part of the modernity and tranquility in this beautiful beach of Nuevo Vallarta, while staying in this beautiful resort. Enjoy its ammenities, large pools, looking at the beach, ocean, lots of garden, spa, large fitness center, 2 restaurants, playground for kids, etc. Pen\u00ednsula Nuevo Vallarta is at the right location, conviniently close to everything, like Bucer\u00edas, La Cruz, Sayulita, etc, to the north side, and to the south, 15 minutes to the airport and Puerto Vallarta downtown in 10 more. See you at Pen\u00ednsula! &#8212; Sea parte de la modernidad y la tranquilidad en esta hermosa playa de Nuevo [&hellip;]<\/p>\n","protected":false},"author":36,"featured_media":0,"parent":1975,"menu_order":0,"comment_status":"closed","ping_status":"closed","template":"search-result.php","meta":{"ngg_post_thumbnail":0,"footnotes":""},"class_list":["post-2193","page","type-page","status-publish","hentry"],"yoast_head":"<!-- This site is optimized with the Yoast SEO plugin v17.8 - https:\/\/yoast.com\/wordpress\/plugins\/seo\/ -->\n<meta name=\"description\" content=\"Be part of the modernity and tranquility in this beautiful beach of Nuevo Vallarta, while staying in this beautiful resort.\" \/>\n<meta name=\"robots\" content=\"index, follow, max-snippet:-1, max-image-preview:large, max-video-preview:-1\" \/>\n<link rel=\"canonical\" href=\"https:\/\/www.seasidemexico.com\/riviera-nayarit\/vacation-rentals\/nuevo-vallarta\/peninsula-resort\/\" \/>\n<meta property=\"og:locale\" content=\"en_US\" \/>\n<meta property=\"og:type\" content=\"article\" \/>\n<meta property=\"og:title\" content=\"Peninsula Resort Nuevo Vallarta - Riviera Nayarit Vacation Rentals\" \/>\n<meta property=\"og:description\" content=\"Be part of the modernity and tranquility in this beautiful beach of Nuevo Vallarta, while staying in this beautiful resort.\" \/>\n<meta property=\"og:url\" content=\"https:\/\/www.seasidemexico.com\/riviera-nayarit\/vacation-rentals\/nuevo-vallarta\/peninsula-resort\/\" \/>\n<meta property=\"og:site_name\" content=\"Riviera Nayarit\" \/>\n<meta property=\"article:modified_time\" content=\"2017-10-21T18:31:12+00:00\" \/>\n<meta name=\"twitter:card\" content=\"summary\" \/>\n<meta name=\"twitter:label1\" content=\"Est. reading time\" \/>\n\t<meta name=\"twitter:data1\" content=\"1 minute\" \/>\n<script type=\"application\/ld+json\" class=\"yoast-schema-graph\">{\"@context\":\"https:\/\/schema.org\",\"@graph\":[{\"@type\":\"WebSite\",\"@id\":\"https:\/\/www.seasidemexico.com\/riviera-nayarit\/#website\",\"url\":\"https:\/\/www.seasidemexico.com\/riviera-nayarit\/\",\"name\":\"Riviera Nayarit\",\"description\":\"Just another Rocky Point Rentals Sites site\",\"potentialAction\":[{\"@type\":\"SearchAction\",\"target\":{\"@type\":\"EntryPoint\",\"urlTemplate\":\"https:\/\/www.seasidemexico.com\/riviera-nayarit\/?s={search_term_string}\"},\"query-input\":\"required name=search_term_string\"}],\"inLanguage\":\"en-US\"},{\"@type\":\"WebPage\",\"@id\":\"https:\/\/www.seasidemexico.com\/riviera-nayarit\/vacation-rentals\/nuevo-vallarta\/peninsula-resort\/#webpage\",\"url\":\"https:\/\/www.seasidemexico.com\/riviera-nayarit\/vacation-rentals\/nuevo-vallarta\/peninsula-resort\/\",\"name\":\"Peninsula Resort Nuevo Vallarta - Riviera Nayarit Vacation Rentals\",\"isPartOf\":{\"@id\":\"https:\/\/www.seasidemexico.com\/riviera-nayarit\/#website\"},\"datePublished\":\"2017-10-21T18:26:24+00:00\",\"dateModified\":\"2017-10-21T18:31:12+00:00\",\"description\":\"Be part of the modernity and tranquility in this beautiful beach of Nuevo Vallarta, while staying in this beautiful resort.\",\"breadcrumb\":{\"@id\":\"https:\/\/www.seasidemexico.com\/riviera-nayarit\/vacation-rentals\/nuevo-vallarta\/peninsula-resort\/#breadcrumb\"},\"inLanguage\":\"en-US\",\"potentialAction\":[{\"@type\":\"ReadAction\",\"target\":[\"https:\/\/www.seasidemexico.com\/riviera-nayarit\/vacation-rentals\/nuevo-vallarta\/peninsula-resort\/\"]}]},{\"@type\":\"BreadcrumbList\",\"@id\":\"https:\/\/www.seasidemexico.com\/riviera-nayarit\/vacation-rentals\/nuevo-vallarta\/peninsula-resort\/#breadcrumb\",\"itemListElement\":[{\"@type\":\"ListItem\",\"position\":1,\"name\":\"Home\",\"item\":\"https:\/\/www.seasidemexico.com\/riviera-nayarit\/\"},{\"@type\":\"ListItem\",\"position\":2,\"name\":\"Riviera Nayarit Vacation Rentals\",\"item\":\"https:\/\/www.seasidemexico.com\/riviera-nayarit\/vacation-rentals\/\"},{\"@type\":\"ListItem\",\"position\":3,\"name\":\"Nuevo Vallarta\",\"item\":\"https:\/\/www.seasidemexico.com\/riviera-nayarit\/vacation-rentals\/nuevo-vallarta\/\"},{\"@type\":\"ListItem\",\"position\":4,\"name\":\"Peninsula Resort\"}]}]}<\/script>\n<!-- \/ Yoast SEO plugin. -->","yoast_head_json":{"description":"Be part of the modernity and tranquility in this beautiful beach of Nuevo Vallarta, while staying in this beautiful resort.","robots":{"index":"index","follow":"follow","max-snippet":"max-snippet:-1","max-image-preview":"max-image-preview:large","max-video-preview":"max-video-preview:-1"},"canonical":"https:\/\/www.seasidemexico.com\/riviera-nayarit\/vacation-rentals\/nuevo-vallarta\/peninsula-resort\/","og_locale":"en_US","og_type":"article","og_title":"Peninsula Resort Nuevo Vallarta - Riviera Nayarit Vacation Rentals","og_description":"Be part of the modernity and tranquility in this beautiful beach of Nuevo Vallarta, while staying in this beautiful resort.","og_url":"https:\/\/www.seasidemexico.com\/riviera-nayarit\/vacation-rentals\/nuevo-vallarta\/peninsula-resort\/","og_site_name":"Riviera Nayarit","article_modified_time":"2017-10-21T18:31:12+00:00","twitter_card":"summary","twitter_misc":{"Est. reading time":"1 minute"},"schema":{"@context":"https:\/\/schema.org","@graph":[{"@type":"WebSite","@id":"https:\/\/www.seasidemexico.com\/riviera-nayarit\/#website","url":"https:\/\/www.seasidemexico.com\/riviera-nayarit\/","name":"Riviera Nayarit","description":"Just another Rocky Point Rentals Sites site","potentialAction":[{"@type":"SearchAction","target":{"@type":"EntryPoint","urlTemplate":"https:\/\/www.seasidemexico.com\/riviera-nayarit\/?s={search_term_string}"},"query-input":"required name=search_term_string"}],"inLanguage":"en-US"},{"@type":"WebPage","@id":"https:\/\/www.seasidemexico.com\/riviera-nayarit\/vacation-rentals\/nuevo-vallarta\/peninsula-resort\/#webpage","url":"https:\/\/www.seasidemexico.com\/riviera-nayarit\/vacation-rentals\/nuevo-vallarta\/peninsula-resort\/","name":"Peninsula Resort Nuevo Vallarta - Riviera Nayarit Vacation Rentals","isPartOf":{"@id":"https:\/\/www.seasidemexico.com\/riviera-nayarit\/#website"},"datePublished":"2017-10-21T18:26:24+00:00","dateModified":"2017-10-21T18:31:12+00:00","description":"Be part of the modernity and tranquility in this beautiful beach of Nuevo Vallarta, while staying in this beautiful resort.","breadcrumb":{"@id":"https:\/\/www.seasidemexico.com\/riviera-nayarit\/vacation-rentals\/nuevo-vallarta\/peninsula-resort\/#breadcrumb"},"inLanguage":"en-US","potentialAction":[{"@type":"ReadAction","target":["https:\/\/www.seasidemexico.com\/riviera-nayarit\/vacation-rentals\/nuevo-vallarta\/peninsula-resort\/"]}]},{"@type":"BreadcrumbList","@id":"https:\/\/www.seasidemexico.com\/riviera-nayarit\/vacation-rentals\/nuevo-vallarta\/peninsula-resort\/#breadcrumb","itemListElement":[{"@type":"ListItem","position":1,"name":"Home","item":"https:\/\/www.seasidemexico.com\/riviera-nayarit\/"},{"@type":"ListItem","position":2,"name":"Riviera Nayarit Vacation Rentals","item":"https:\/\/www.seasidemexico.com\/riviera-nayarit\/vacation-rentals\/"},{"@type":"ListItem","position":3,"name":"Nuevo Vallarta","item":"https:\/\/www.seasidemexico.com\/riviera-nayarit\/vacation-rentals\/nuevo-vallarta\/"},{"@type":"ListItem","position":4,"name":"Peninsula Resort"}]}]}},"_links":{"self":[{"href":"https:\/\/www.seasidemexico.com\/riviera-nayarit\/wp-json\/wp\/v2\/pages\/2193","targetHints":{"allow":["GET"]}}],"collection":[{"href":"https:\/\/www.seasidemexico.com\/riviera-nayarit\/wp-json\/wp\/v2\/pages"}],"about":[{"href":"https:\/\/www.seasidemexico.com\/riviera-nayarit\/wp-json\/wp\/v2\/types\/page"}],"author":[{"embeddable":true,"href":"https:\/\/www.seasidemexico.com\/riviera-nayarit\/wp-json\/wp\/v2\/users\/36"}],"replies":[{"embeddable":true,"href":"https:\/\/www.seasidemexico.com\/riviera-nayarit\/wp-json\/wp\/v2\/comments?post=2193"}],"version-history":[{"count":0,"href":"https:\/\/www.seasidemexico.com\/riviera-nayarit\/wp-json\/wp\/v2\/pages\/2193\/revisions"}],"up":[{"embeddable":true,"href":"https:\/\/www.seasidemexico.com\/riviera-nayarit\/wp-json\/wp\/v2\/pages\/1975"}],"wp:attachment":[{"href":"https:\/\/www.seasidemexico.com\/riviera-nayarit\/wp-json\/wp\/v2\/media?parent=2193"}],"curies":[{"name":"wp","href":"https:\/\/api.w.org\/{rel}","templated":true}]}}