{"id":2012,"date":"2017-05-15T05:45:21","date_gmt":"2017-05-15T05:45:21","guid":{"rendered":"https:\/\/www.seasidemexico.com\/riviera-nayarit\/?page_id=2012"},"modified":"2017-05-15T06:10:30","modified_gmt":"2017-05-15T06:10:30","slug":"nitta-condos","status":"publish","type":"page","link":"https:\/\/www.seasidemexico.com\/riviera-nayarit\/vacation-rentals\/nuevo-vallarta\/nitta-condos\/","title":{"rendered":"Nitta Condos"},"content":{"rendered":"<h2>Nitta Private Condo Residence<\/h2>\n<p>&#8230;.is located 12 minutes from the Puerto Vallarta International Airport in Nuevo Vallarta, Nayarit, Mexico. It is situated in one of the most beautiful bays in the world. The stunning expansive beaches and powdery sands provide a heaven for peace and relaxation.<br \/>\nSet in a lush tropical garden overlooking the Bandares Bay in the Pacific Ocean. Enjoy the natural splendor of the magnificent beach, mountains and jungles and the exhilarating architectural design of Nitta.<\/p>\n<p>Beachview private condo, great pool view, palm trees as well as rooftop jungle and mountain views. \u00a0A wonderful place to relax in Nuevo Vallarta!<\/p>\n<h2>Condominio Residencial Privado Nitta<\/h2>\n<p>&#8230;.localizado a 12 minutos de el aeropuerto internacional de Puerto Vallarta en Nuevo Vallarta, Nayarit, M\u00e9xico. Ubicado en una de las bah\u00edas  m\u00e1s hermosas del mundo. Donde las maravillosas y extendidas playas con su fina arena le regalan un para\u00edso de paz y relajaci\u00f3n.<br \/>\nSituado en  un exuberante jard\u00edn tropical, mirando hac\u00eda la Bah\u00eda de Banderas en el Oc\u00e9ano Pac\u00edfico. Disfrute el esplendor natural de su magnificas playas, monta\u00f1as y junglas as\u00ed como el estimulante dise\u00f1o arquitect\u00f3nico de Nitta.<\/p>\n<p>Condominio privado con vista a la playa, gran vista ala piscina,a las  palmeras as\u00ed como a la jungla y las monta\u00f1as. Un extraordinario lugar para relajarse en Nuevo Vallarta!<\/p>\n<div id=\"dialog-inquiry-form\" style=\"display:none;\"><div role=\"form\" class=\"wpcf7\" id=\"wpcf7-f1312-o1\" dir=\"ltr\">\n<div class=\"screen-reader-response\"><\/div>\n<form action=\"\/riviera-nayarit\/wp-json\/wp\/v2\/pages\/2012#wpcf7-f1312-o1\" method=\"post\" class=\"wpcf7-form\" novalidate=\"novalidate\">\n<div style=\"display: none;\">\n<input type=\"hidden\" name=\"_wpcf7\" value=\"1312\" \/>\n<input type=\"hidden\" name=\"_wpcf7_version\" value=\"4.7\" \/>\n<input type=\"hidden\" name=\"_wpcf7_locale\" value=\"\" \/>\n<input type=\"hidden\" name=\"_wpcf7_unit_tag\" value=\"wpcf7-f1312-o1\" \/>\n<input type=\"hidden\" name=\"_wpnonce\" value=\"a5dfc90bfe\" \/>\n<\/div>\n<div class=\"form-group\">\n  <label for=\"fullname\">Name*:<\/label><br \/>\n  <span class=\"wpcf7-form-control-wrap fullname\"><input type=\"text\" name=\"fullname\" value=\"\" size=\"40\" class=\"wpcf7-form-control wpcf7-text wpcf7-validates-as-required form-control\" id=\"fullname\" aria-required=\"true\" aria-invalid=\"false\" \/><\/span>\n<\/div>\n<div class=\"form-group\">\n  <label for=\"email\">Email*:<\/label><br \/>\n  <span class=\"wpcf7-form-control-wrap email\"><input type=\"email\" name=\"email\" value=\"\" size=\"40\" class=\"wpcf7-form-control wpcf7-text wpcf7-email wpcf7-validates-as-required wpcf7-validates-as-email form-control\" id=\"email\" aria-required=\"true\" aria-invalid=\"false\" \/><\/span>\n<\/div>\n<div class=\"form-group\">\n  <label>Phone*:<\/label><br \/>\n  <span class=\"wpcf7-form-control-wrap phone\"><input type=\"text\" name=\"phone\" value=\"\" size=\"40\" class=\"wpcf7-form-control wpcf7-text wpcf7-validates-as-required form-control\" id=\"phone\" aria-required=\"true\" aria-invalid=\"false\" \/><\/span>\n<\/div>\n<div class=\"form-group\">\n  <label for=\"month\">How many months:<\/label><br \/>\n  <span class=\"wpcf7-form-control-wrap month\"><select name=\"month\" class=\"wpcf7-form-control wpcf7-select wpcf7-validates-as-required form-control\" id=\"month\" aria-required=\"true\" aria-invalid=\"false\"><option value=\"1\">1<\/option><option value=\"2\">2<\/option><option value=\"3\">3<\/option><option value=\"4\">4<\/option><option value=\"5\">5<\/option><option value=\"6\">6<\/option><option value=\"7\">7<\/option><option value=\"8\">8<\/option><option value=\"9\">9<\/option><option value=\"10\">10<\/option><option value=\"11\">11<\/option><option value=\"12\">12<\/option><\/select><\/span>\n<\/div>\n<div class=\"form-group\">\n  <label for=\"startmonth\">Starting month:<\/label><br \/>\n  <span class=\"wpcf7-form-control-wrap startmonth\"><select name=\"startmonth\" class=\"wpcf7-form-control wpcf7-select wpcf7-validates-as-required form-control\" id=\"startmonth\" aria-required=\"true\" aria-invalid=\"false\"><option value=\"January\">January<\/option><option value=\"February\">February<\/option><option value=\"March\">March<\/option><option value=\"April\">April<\/option><option value=\"May\">May<\/option><option value=\"June\">June<\/option><option value=\"July\">July<\/option><option value=\"August\">August<\/option><option value=\"September\">September<\/option><option value=\"October\">October<\/option><option value=\"November\">November<\/option><option value=\"December\">December<\/option><\/select><\/span>\n<\/div>\n<div class=\"form-group\">\n  <label for=\"comments\">Message:<\/label><br \/>\n  <span class=\"wpcf7-form-control-wrap comments\"><textarea name=\"comments\" cols=\"5\" rows=\"5\" class=\"wpcf7-form-control wpcf7-textarea form-control\" id=\"comments\" aria-invalid=\"false\"><\/textarea><\/span>\n<\/div>\n<div class=\"form-group\">\n<div class=\"wpcf7-form-control-wrap\"><div data-sitekey=\"6LeAXCgUAAAAAN26H1AGRNgePO406438Mp9D-bts\" class=\"wpcf7-form-control g-recaptcha wpcf7-recaptcha\"><\/div>\n<noscript>\n\t<div style=\"width: 302px; height: 422px;\">\n\t\t<div style=\"width: 302px; height: 422px; position: relative;\">\n\t\t\t<div style=\"width: 302px; height: 422px; position: absolute;\">\n\t\t\t\t<iframe src=\"https:\/\/www.google.com\/recaptcha\/api\/fallback?k=6LeAXCgUAAAAAN26H1AGRNgePO406438Mp9D-bts\" frameborder=\"0\" scrolling=\"no\" style=\"width: 302px; height:422px; border-style: none;\">\n\t\t\t\t<\/iframe>\n\t\t\t<\/div>\n\t\t\t<div style=\"width: 300px; height: 60px; border-style: none; bottom: 12px; left: 25px; margin: 0px; padding: 0px; right: 25px; background: #f9f9f9; border: 1px solid #c1c1c1; border-radius: 3px;\">\n\t\t\t\t<textarea id=\"g-recaptcha-response\" name=\"g-recaptcha-response\" class=\"g-recaptcha-response\" style=\"width: 250px; height: 40px; border: 1px solid #c1c1c1; margin: 10px 25px; padding: 0px; resize: none;\">\n\t\t\t\t<\/textarea>\n\t\t\t<\/div>\n\t\t<\/div>\n\t<\/div>\n<\/noscript>\n<\/div>\n<\/div>\n<p><input type=\"hidden\" value=\"\" id=\"inquiry_unit_name\" class=\"inquery_seaside\" name=\"inquery_seaside\"><\/p>\n<div class=\"form-group\">\n  <input type=\"submit\" value=\"Submit\" class=\"wpcf7-form-control wpcf7-submit blue_button\" \/>\n<\/div>\n<div class=\"wpcf7-response-output wpcf7-display-none\"><\/div><\/form><\/div><\/div><div id=\"resortpro_ajax_search\" data-location_id=\"214656\" style=\"min-height: 300px;\" class=\"box\"><\/div>\n","protected":false},"excerpt":{"rendered":"<p>Nitta Private Condo Residence &#8230;.is located 12 minutes from the Puerto Vallarta International Airport in Nuevo Vallarta, Nayarit, Mexico. It is situated in one of the most beautiful bays in the world. The stunning expansive beaches and powdery sands provide a heaven for peace and relaxation. Set in a lush tropical garden overlooking the Bandares Bay in the Pacific Ocean. Enjoy the natural splendor of the magnificent beach, mountains and jungles and the exhilarating architectural design of Nitta. Beachview private condo, great pool view, palm trees as well as rooftop jungle and mountain views. \u00a0A wonderful place to relax in [&hellip;]<\/p>\n","protected":false},"author":1,"featured_media":0,"parent":1975,"menu_order":0,"comment_status":"closed","ping_status":"closed","template":"search-result.php","meta":{"ngg_post_thumbnail":0,"footnotes":""},"class_list":["post-2012","page","type-page","status-publish","hentry"],"yoast_head":"<!-- This site is optimized with the Yoast SEO plugin v17.8 - https:\/\/yoast.com\/wordpress\/plugins\/seo\/ -->\n<meta name=\"robots\" content=\"index, follow, max-snippet:-1, max-image-preview:large, max-video-preview:-1\" \/>\n<link rel=\"canonical\" href=\"https:\/\/www.seasidemexico.com\/riviera-nayarit\/vacation-rentals\/nuevo-vallarta\/nitta-condos\/\" \/>\n<meta property=\"og:locale\" content=\"en_US\" \/>\n<meta property=\"og:type\" content=\"article\" \/>\n<meta property=\"og:title\" content=\"Nitta Condos - Riviera Nayarit\" \/>\n<meta property=\"og:description\" content=\"Nitta Private Condo Residence &#8230;.is located 12 minutes from the Puerto Vallarta International Airport in Nuevo Vallarta, Nayarit, Mexico. It is situated in one of the most beautiful bays in the world. The stunning expansive beaches and powdery sands provide a heaven for peace and relaxation. Set in a lush tropical garden overlooking the Bandares Bay in the Pacific Ocean. Enjoy the natural splendor of the magnificent beach, mountains and jungles and the exhilarating architectural design of Nitta. Beachview private condo, great pool view, palm trees as well as rooftop jungle and mountain views. \u00a0A wonderful place to relax in [&hellip;]\" \/>\n<meta property=\"og:url\" content=\"https:\/\/www.seasidemexico.com\/riviera-nayarit\/vacation-rentals\/nuevo-vallarta\/nitta-condos\/\" \/>\n<meta property=\"og:site_name\" content=\"Riviera Nayarit\" \/>\n<meta property=\"article:modified_time\" content=\"2017-05-15T06:10:30+00:00\" \/>\n<meta name=\"twitter:card\" content=\"summary\" \/>\n<meta name=\"twitter:label1\" content=\"Est. reading time\" \/>\n\t<meta name=\"twitter:data1\" content=\"1 minute\" \/>\n<script type=\"application\/ld+json\" class=\"yoast-schema-graph\">{\"@context\":\"https:\/\/schema.org\",\"@graph\":[{\"@type\":\"WebSite\",\"@id\":\"https:\/\/www.seasidemexico.com\/riviera-nayarit\/#website\",\"url\":\"https:\/\/www.seasidemexico.com\/riviera-nayarit\/\",\"name\":\"Riviera Nayarit\",\"description\":\"Just another Rocky Point Rentals Sites site\",\"potentialAction\":[{\"@type\":\"SearchAction\",\"target\":{\"@type\":\"EntryPoint\",\"urlTemplate\":\"https:\/\/www.seasidemexico.com\/riviera-nayarit\/?s={search_term_string}\"},\"query-input\":\"required name=search_term_string\"}],\"inLanguage\":\"en-US\"},{\"@type\":\"WebPage\",\"@id\":\"https:\/\/www.seasidemexico.com\/riviera-nayarit\/vacation-rentals\/nuevo-vallarta\/nitta-condos\/#webpage\",\"url\":\"https:\/\/www.seasidemexico.com\/riviera-nayarit\/vacation-rentals\/nuevo-vallarta\/nitta-condos\/\",\"name\":\"Nitta Condos - Riviera Nayarit\",\"isPartOf\":{\"@id\":\"https:\/\/www.seasidemexico.com\/riviera-nayarit\/#website\"},\"datePublished\":\"2017-05-15T05:45:21+00:00\",\"dateModified\":\"2017-05-15T06:10:30+00:00\",\"breadcrumb\":{\"@id\":\"https:\/\/www.seasidemexico.com\/riviera-nayarit\/vacation-rentals\/nuevo-vallarta\/nitta-condos\/#breadcrumb\"},\"inLanguage\":\"en-US\",\"potentialAction\":[{\"@type\":\"ReadAction\",\"target\":[\"https:\/\/www.seasidemexico.com\/riviera-nayarit\/vacation-rentals\/nuevo-vallarta\/nitta-condos\/\"]}]},{\"@type\":\"BreadcrumbList\",\"@id\":\"https:\/\/www.seasidemexico.com\/riviera-nayarit\/vacation-rentals\/nuevo-vallarta\/nitta-condos\/#breadcrumb\",\"itemListElement\":[{\"@type\":\"ListItem\",\"position\":1,\"name\":\"Home\",\"item\":\"https:\/\/www.seasidemexico.com\/riviera-nayarit\/\"},{\"@type\":\"ListItem\",\"position\":2,\"name\":\"Riviera Nayarit Vacation Rentals\",\"item\":\"https:\/\/www.seasidemexico.com\/riviera-nayarit\/vacation-rentals\/\"},{\"@type\":\"ListItem\",\"position\":3,\"name\":\"Nuevo Vallarta\",\"item\":\"https:\/\/www.seasidemexico.com\/riviera-nayarit\/vacation-rentals\/nuevo-vallarta\/\"},{\"@type\":\"ListItem\",\"position\":4,\"name\":\"Nitta Condos\"}]}]}<\/script>\n<!-- \/ Yoast SEO plugin. -->","yoast_head_json":{"robots":{"index":"index","follow":"follow","max-snippet":"max-snippet:-1","max-image-preview":"max-image-preview:large","max-video-preview":"max-video-preview:-1"},"canonical":"https:\/\/www.seasidemexico.com\/riviera-nayarit\/vacation-rentals\/nuevo-vallarta\/nitta-condos\/","og_locale":"en_US","og_type":"article","og_title":"Nitta Condos - Riviera Nayarit","og_description":"Nitta Private Condo Residence &#8230;.is located 12 minutes from the Puerto Vallarta International Airport in Nuevo Vallarta, Nayarit, Mexico. It is situated in one of the most beautiful bays in the world. The stunning expansive beaches and powdery sands provide a heaven for peace and relaxation. Set in a lush tropical garden overlooking the Bandares Bay in the Pacific Ocean. Enjoy the natural splendor of the magnificent beach, mountains and jungles and the exhilarating architectural design of Nitta. Beachview private condo, great pool view, palm trees as well as rooftop jungle and mountain views. \u00a0A wonderful place to relax in [&hellip;]","og_url":"https:\/\/www.seasidemexico.com\/riviera-nayarit\/vacation-rentals\/nuevo-vallarta\/nitta-condos\/","og_site_name":"Riviera Nayarit","article_modified_time":"2017-05-15T06:10:30+00:00","twitter_card":"summary","twitter_misc":{"Est. reading time":"1 minute"},"schema":{"@context":"https:\/\/schema.org","@graph":[{"@type":"WebSite","@id":"https:\/\/www.seasidemexico.com\/riviera-nayarit\/#website","url":"https:\/\/www.seasidemexico.com\/riviera-nayarit\/","name":"Riviera Nayarit","description":"Just another Rocky Point Rentals Sites site","potentialAction":[{"@type":"SearchAction","target":{"@type":"EntryPoint","urlTemplate":"https:\/\/www.seasidemexico.com\/riviera-nayarit\/?s={search_term_string}"},"query-input":"required name=search_term_string"}],"inLanguage":"en-US"},{"@type":"WebPage","@id":"https:\/\/www.seasidemexico.com\/riviera-nayarit\/vacation-rentals\/nuevo-vallarta\/nitta-condos\/#webpage","url":"https:\/\/www.seasidemexico.com\/riviera-nayarit\/vacation-rentals\/nuevo-vallarta\/nitta-condos\/","name":"Nitta Condos - Riviera Nayarit","isPartOf":{"@id":"https:\/\/www.seasidemexico.com\/riviera-nayarit\/#website"},"datePublished":"2017-05-15T05:45:21+00:00","dateModified":"2017-05-15T06:10:30+00:00","breadcrumb":{"@id":"https:\/\/www.seasidemexico.com\/riviera-nayarit\/vacation-rentals\/nuevo-vallarta\/nitta-condos\/#breadcrumb"},"inLanguage":"en-US","potentialAction":[{"@type":"ReadAction","target":["https:\/\/www.seasidemexico.com\/riviera-nayarit\/vacation-rentals\/nuevo-vallarta\/nitta-condos\/"]}]},{"@type":"BreadcrumbList","@id":"https:\/\/www.seasidemexico.com\/riviera-nayarit\/vacation-rentals\/nuevo-vallarta\/nitta-condos\/#breadcrumb","itemListElement":[{"@type":"ListItem","position":1,"name":"Home","item":"https:\/\/www.seasidemexico.com\/riviera-nayarit\/"},{"@type":"ListItem","position":2,"name":"Riviera Nayarit Vacation Rentals","item":"https:\/\/www.seasidemexico.com\/riviera-nayarit\/vacation-rentals\/"},{"@type":"ListItem","position":3,"name":"Nuevo Vallarta","item":"https:\/\/www.seasidemexico.com\/riviera-nayarit\/vacation-rentals\/nuevo-vallarta\/"},{"@type":"ListItem","position":4,"name":"Nitta Condos"}]}]}},"_links":{"self":[{"href":"https:\/\/www.seasidemexico.com\/riviera-nayarit\/wp-json\/wp\/v2\/pages\/2012","targetHints":{"allow":["GET"]}}],"collection":[{"href":"https:\/\/www.seasidemexico.com\/riviera-nayarit\/wp-json\/wp\/v2\/pages"}],"about":[{"href":"https:\/\/www.seasidemexico.com\/riviera-nayarit\/wp-json\/wp\/v2\/types\/page"}],"author":[{"embeddable":true,"href":"https:\/\/www.seasidemexico.com\/riviera-nayarit\/wp-json\/wp\/v2\/users\/1"}],"replies":[{"embeddable":true,"href":"https:\/\/www.seasidemexico.com\/riviera-nayarit\/wp-json\/wp\/v2\/comments?post=2012"}],"version-history":[{"count":0,"href":"https:\/\/www.seasidemexico.com\/riviera-nayarit\/wp-json\/wp\/v2\/pages\/2012\/revisions"}],"up":[{"embeddable":true,"href":"https:\/\/www.seasidemexico.com\/riviera-nayarit\/wp-json\/wp\/v2\/pages\/1975"}],"wp:attachment":[{"href":"https:\/\/www.seasidemexico.com\/riviera-nayarit\/wp-json\/wp\/v2\/media?parent=2012"}],"curies":[{"name":"wp","href":"https:\/\/api.w.org\/{rel}","templated":true}]}}