{"id":995,"date":"2017-08-08T18:07:18","date_gmt":"2017-08-08T18:07:18","guid":{"rendered":"https:\/\/www.seasidemexico.com\/puerto-vallarta\/?page_id=995"},"modified":"2020-08-11T17:43:48","modified_gmt":"2020-08-11T17:43:48","slug":"velas","status":"publish","type":"page","link":"https:\/\/www.seasidemexico.com\/puerto-vallarta\/vacation-rentals\/velas\/","title":{"rendered":"Velas"},"content":{"rendered":"<p>This beautiful beachfront award-winning resort, located at the Marina Vallarta, and 5 minutes from the International Airport, will give you, more than relaxed vacation, the best vacation experience. Velas Vallarta is located in an exclusive area, surrounded by numerous great and fun places, at the marina, such as restaurants, bars, coffee shops, including an 18-hole championship golf course, all of this at walking distance from the resort.<\/p>\n<p>Velas has beautiful common areas with lush tropical gardens, three large swimming pools, a cascade waterfall, restaurants, swim-up bar, and even some fauna, like an iguana and a peacock. In this resort you will find numerous activities and ammenities, like tennis classes, water sports, spa, fitness center, kids-club and yoga. Shows like mexican fiesta dance night.  Velas restaurants have variety of dining, like gourmet Italian and Mexican, also seafood and themed dinners.<\/p>\n<p>Este hermoso complejo tur\u00edstico galardonado, el cual est\u00e1 a pie de playa, ubicado en Puerto Vallarta, y a 5 minutos del Aeropuerto Internacional, le dar\u00e1 m\u00e1s que vacaciones relajadas, una gran experiencia en vacaciones! Velas Vallarta se encuentra en una zona exclusiva, rodeada de numerosos y divertidos lugares en la Marina Vallarta, como restaurantes, bares, cafeter\u00edas, incluyendo un campo de golf de campeonato de 18 hoyos, todo esto a poca distancia del complejo.<\/p>\n<p>Velas tiene hermosas \u00e1reas comunes con exuberantes jardines tropicales, tres grandes piscinas, una cascada, restaurantes, bar en la piscina, e incluso algo de fauna, como una iguana y un pavo real. En este complejo encontrar\u00e1 numerosas actividades y servicios, como clases de tenis, deportes acu\u00e1ticos, spa, gimnasio, club infantil y yoga. Espect\u00e1culos como la noche de baile fiesta mexicana. Velas restaurantes tienen variedad de restaurantes, como gourmet italiano y mexicano, tambi\u00e9n mariscos y cenas tem\u00e1ticas.<\/p>\n<div id=\"dialog-inquiry-form\" title=\"Property Inquiry\" style = \"display:none; font: 11px\">\n                                    <p class=\"validateTips\">Please fill out the following information, and a representative will respond shortly. <em>* Required<\/em><\/p>\n                                    <form id=\"form_property_inquiry\">\n                                        <fieldset>\n                                            <input type=\"hidden\" name= \"resortpro_min_days\" id=\"resortpro_min_days\" value=\"2\"\/>\n                                            <input type=\"hidden\" name=\"do\" value=\"send-reservation-request\"\/>\n                                            <input type=\"hidden\" name=\"referrer_url\" id=\"referrer_url\" value=\"\"\/>\n                                            <div style=\"display: none;\"><input id=\"inquiryFormMidName\" type=\"text\" name=\"inquiryFormMidName\" value=\"\" \/><\/div>\n                                            <table>\n                                            <tbody>\n                                                <tr>\n                                                    <td><label for=\"inquiryFormFirstName\">First Name <em>*<\/em><\/label><\/td>\n                                                    <td><input id=\"inquiryFormFirstName\" type=\"text\" name=\"inquiry_first_name\" value=\"\" class=\"required\"\/><\/td>\n                                                <\/tr>\n                                                <tr>\n                                                    <td><label for=\"inquiryFormLastName\">Last Name <em>*<\/em><\/label><\/td>\n                                                    <td><input id=\"inquiryFormLastName\" type=\"text\" name=\"inquiry_last_name\" value=\"\" class=\"required\" \/><\/td>\n                                                <\/tr>\n                                                <tr>\n                                                    <td><label for=\"inquiryFormEmail\">Email <em>*<\/em><\/label><\/td>\n                                                    <td><input id=\"inquiryFormEmail\" type=\"text\" name=\"inquiry_email\" value=\"\" class=\"email required\"\/><\/td>\n                                                <\/tr>\n                                                <tr>\n                                                    <td><label for=\"inquiryFormPhone\">Phone <em>*<\/em><\/label><\/td>\n                                                    <td><input id=\"inquiryFormPhone\" type=\"text\" name=\"inquiry_phone\" value=\"\" class=\"required\"\/><\/td>\n                                                <\/tr>\n                                                <tr>\n                                                    <td><label for=\"inquiryFormComments\">Comments<\/label><\/td>\n                                                    <td><textarea id=\"inquiryFormComments\" name=\"inquiry_comments\" rows=\"3\"><\/textarea><\/td>\n                                                <\/tr>\n                                                <tr>\n                                                    <td colspan=\"2\">\n                                                        <table>\n                                                        <tbody>\n                                                            <tr>\n                                                                <td><label for=\"inquiry_startdate\">Check In <em>*<\/em><\/label><\/td>\n                                                                <td><label for=\"inquiry_enddate\">Check Out <em>*<\/em><\/label><\/td>\n                                                            <\/tr>\n                                                            <tr>\n                                                                <td>\n                                                                    <table>\n                                                                    <tbody>\n                                                                        <tr>\n                                                                            <td><\/td>\n                                                                            <td><input data-default-stay=\"2\" id='inquiry_startdate' size='10' type='text' value='04\/05\/2026' name='inquiry_startdate' readonly='readonly' style=\"width:100px;\"\/><\/td>\n                                                                        <\/tr>\n                                                                    <\/tbody>\n                                                                    <\/table>\n                                                                <\/td>\n                                                                <td>\n                                                                    <table>\n                                                                    <tbody>\n                                                                        <tr>\n                                                                            <td><\/td>\n                                                                            <td><input id='inquiry_enddate' size='10' type='text' value='04\/07\/2026' name='inquiry_enddate' readonly='readonly' style=\"width:100px;\" \/><\/td>\n                                                                        <\/tr>\n                                                                    <\/tbody>\n                                                                    <\/table>\n                                                                <\/td>\n                                                            <\/tr>\n                                                        <\/tbody>\n                                                        <\/table>\n                                                    <\/td>\n                                                <\/tr>\t\t\t\t<\/tbody>\n                                            <\/table>\n                                        <\/fieldset>\n                                    <\/form>\n                               <\/div><div id=\"resortpro_ajax_search\" data-location_id=\"255731\" style=\"min-height: 300px;\" class=\"box\"><\/div>\n","protected":false},"excerpt":{"rendered":"<p>This beautiful beachfront award-winning resort, located at the Marina Vallarta, and 5 minutes from the International Airport, will give you, more than relaxed vacation, the best vacation experience. Velas Vallarta is located in an exclusive area, surrounded by numerous great and fun places, at the marina, such as restaurants, bars, coffee shops, including an 18-hole championship golf course, all of this at walking distance from the resort. Velas has beautiful common areas with lush tropical gardens, three large swimming pools, a cascade waterfall, restaurants, swim-up bar, and even some fauna, like an iguana and a peacock. In this resort you [&hellip;]<\/p>\n","protected":false},"author":36,"featured_media":0,"parent":875,"menu_order":0,"comment_status":"closed","ping_status":"closed","template":"search-result.php","meta":{"ngg_post_thumbnail":0,"footnotes":""},"class_list":["post-995","page","type-page","status-publish","hentry"],"yoast_head":"<!-- This site is optimized with the Yoast SEO plugin v17.8 - https:\/\/yoast.com\/wordpress\/plugins\/seo\/ -->\n<meta name=\"description\" content=\"Located in an exclusive area, this beautiful beachfront award-winning resort will give you, more than relaxed vacation, the best vacation experience.\" \/>\n<meta name=\"robots\" content=\"index, follow, max-snippet:-1, max-image-preview:large, max-video-preview:-1\" \/>\n<link rel=\"canonical\" href=\"https:\/\/www.seasidemexico.com\/puerto-vallarta\/vacation-rentals\/velas\/\" \/>\n<meta property=\"og:locale\" content=\"en_US\" \/>\n<meta property=\"og:type\" content=\"article\" \/>\n<meta property=\"og:title\" content=\"Velas Resort Vacation Rentals - Puerto Vallarta Mexico\" \/>\n<meta property=\"og:description\" content=\"Located in an exclusive area, this beautiful beachfront award-winning resort will give you, more than relaxed vacation, the best vacation experience.\" \/>\n<meta property=\"og:url\" content=\"https:\/\/www.seasidemexico.com\/puerto-vallarta\/vacation-rentals\/velas\/\" \/>\n<meta property=\"og:site_name\" content=\"Puerto Vallarta\" \/>\n<meta property=\"article:modified_time\" content=\"2020-08-11T17:43:48+00:00\" \/>\n<meta name=\"twitter:card\" content=\"summary\" \/>\n<meta name=\"twitter:label1\" content=\"Est. reading time\" \/>\n\t<meta name=\"twitter:data1\" content=\"1 minute\" \/>\n<script type=\"application\/ld+json\" class=\"yoast-schema-graph\">{\"@context\":\"https:\/\/schema.org\",\"@graph\":[{\"@type\":\"WebSite\",\"@id\":\"https:\/\/www.seasidemexico.com\/puerto-vallarta\/#website\",\"url\":\"https:\/\/www.seasidemexico.com\/puerto-vallarta\/\",\"name\":\"Puerto Vallarta\",\"description\":\"Just another Rocky Point Rentals Sites site\",\"potentialAction\":[{\"@type\":\"SearchAction\",\"target\":{\"@type\":\"EntryPoint\",\"urlTemplate\":\"https:\/\/www.seasidemexico.com\/puerto-vallarta\/?s={search_term_string}\"},\"query-input\":\"required name=search_term_string\"}],\"inLanguage\":\"en-US\"},{\"@type\":\"WebPage\",\"@id\":\"https:\/\/www.seasidemexico.com\/puerto-vallarta\/vacation-rentals\/velas\/#webpage\",\"url\":\"https:\/\/www.seasidemexico.com\/puerto-vallarta\/vacation-rentals\/velas\/\",\"name\":\"Velas Resort Vacation Rentals - Puerto Vallarta Mexico\",\"isPartOf\":{\"@id\":\"https:\/\/www.seasidemexico.com\/puerto-vallarta\/#website\"},\"datePublished\":\"2017-08-08T18:07:18+00:00\",\"dateModified\":\"2020-08-11T17:43:48+00:00\",\"description\":\"Located in an exclusive area, this beautiful beachfront award-winning resort will give you, more than relaxed vacation, the best vacation experience.\",\"breadcrumb\":{\"@id\":\"https:\/\/www.seasidemexico.com\/puerto-vallarta\/vacation-rentals\/velas\/#breadcrumb\"},\"inLanguage\":\"en-US\",\"potentialAction\":[{\"@type\":\"ReadAction\",\"target\":[\"https:\/\/www.seasidemexico.com\/puerto-vallarta\/vacation-rentals\/velas\/\"]}]},{\"@type\":\"BreadcrumbList\",\"@id\":\"https:\/\/www.seasidemexico.com\/puerto-vallarta\/vacation-rentals\/velas\/#breadcrumb\",\"itemListElement\":[{\"@type\":\"ListItem\",\"position\":1,\"name\":\"Home\",\"item\":\"https:\/\/www.seasidemexico.com\/puerto-vallarta\/\"},{\"@type\":\"ListItem\",\"position\":2,\"name\":\"Puerto Vallarta Vacation Rentals\",\"item\":\"https:\/\/www.seasidemexico.com\/puerto-vallarta\/vacation-rentals\/\"},{\"@type\":\"ListItem\",\"position\":3,\"name\":\"Velas\"}]}]}<\/script>\n<!-- \/ Yoast SEO plugin. -->","yoast_head_json":{"description":"Located in an exclusive area, this beautiful beachfront award-winning resort will give you, more than relaxed vacation, the best vacation experience.","robots":{"index":"index","follow":"follow","max-snippet":"max-snippet:-1","max-image-preview":"max-image-preview:large","max-video-preview":"max-video-preview:-1"},"canonical":"https:\/\/www.seasidemexico.com\/puerto-vallarta\/vacation-rentals\/velas\/","og_locale":"en_US","og_type":"article","og_title":"Velas Resort Vacation Rentals - Puerto Vallarta Mexico","og_description":"Located in an exclusive area, this beautiful beachfront award-winning resort will give you, more than relaxed vacation, the best vacation experience.","og_url":"https:\/\/www.seasidemexico.com\/puerto-vallarta\/vacation-rentals\/velas\/","og_site_name":"Puerto Vallarta","article_modified_time":"2020-08-11T17:43:48+00:00","twitter_card":"summary","twitter_misc":{"Est. reading time":"1 minute"},"schema":{"@context":"https:\/\/schema.org","@graph":[{"@type":"WebSite","@id":"https:\/\/www.seasidemexico.com\/puerto-vallarta\/#website","url":"https:\/\/www.seasidemexico.com\/puerto-vallarta\/","name":"Puerto Vallarta","description":"Just another Rocky Point Rentals Sites site","potentialAction":[{"@type":"SearchAction","target":{"@type":"EntryPoint","urlTemplate":"https:\/\/www.seasidemexico.com\/puerto-vallarta\/?s={search_term_string}"},"query-input":"required name=search_term_string"}],"inLanguage":"en-US"},{"@type":"WebPage","@id":"https:\/\/www.seasidemexico.com\/puerto-vallarta\/vacation-rentals\/velas\/#webpage","url":"https:\/\/www.seasidemexico.com\/puerto-vallarta\/vacation-rentals\/velas\/","name":"Velas Resort Vacation Rentals - Puerto Vallarta Mexico","isPartOf":{"@id":"https:\/\/www.seasidemexico.com\/puerto-vallarta\/#website"},"datePublished":"2017-08-08T18:07:18+00:00","dateModified":"2020-08-11T17:43:48+00:00","description":"Located in an exclusive area, this beautiful beachfront award-winning resort will give you, more than relaxed vacation, the best vacation experience.","breadcrumb":{"@id":"https:\/\/www.seasidemexico.com\/puerto-vallarta\/vacation-rentals\/velas\/#breadcrumb"},"inLanguage":"en-US","potentialAction":[{"@type":"ReadAction","target":["https:\/\/www.seasidemexico.com\/puerto-vallarta\/vacation-rentals\/velas\/"]}]},{"@type":"BreadcrumbList","@id":"https:\/\/www.seasidemexico.com\/puerto-vallarta\/vacation-rentals\/velas\/#breadcrumb","itemListElement":[{"@type":"ListItem","position":1,"name":"Home","item":"https:\/\/www.seasidemexico.com\/puerto-vallarta\/"},{"@type":"ListItem","position":2,"name":"Puerto Vallarta Vacation Rentals","item":"https:\/\/www.seasidemexico.com\/puerto-vallarta\/vacation-rentals\/"},{"@type":"ListItem","position":3,"name":"Velas"}]}]}},"_links":{"self":[{"href":"https:\/\/www.seasidemexico.com\/puerto-vallarta\/wp-json\/wp\/v2\/pages\/995","targetHints":{"allow":["GET"]}}],"collection":[{"href":"https:\/\/www.seasidemexico.com\/puerto-vallarta\/wp-json\/wp\/v2\/pages"}],"about":[{"href":"https:\/\/www.seasidemexico.com\/puerto-vallarta\/wp-json\/wp\/v2\/types\/page"}],"author":[{"embeddable":true,"href":"https:\/\/www.seasidemexico.com\/puerto-vallarta\/wp-json\/wp\/v2\/users\/36"}],"replies":[{"embeddable":true,"href":"https:\/\/www.seasidemexico.com\/puerto-vallarta\/wp-json\/wp\/v2\/comments?post=995"}],"version-history":[{"count":0,"href":"https:\/\/www.seasidemexico.com\/puerto-vallarta\/wp-json\/wp\/v2\/pages\/995\/revisions"}],"up":[{"embeddable":true,"href":"https:\/\/www.seasidemexico.com\/puerto-vallarta\/wp-json\/wp\/v2\/pages\/875"}],"wp:attachment":[{"href":"https:\/\/www.seasidemexico.com\/puerto-vallarta\/wp-json\/wp\/v2\/media?parent=995"}],"curies":[{"name":"wp","href":"https:\/\/api.w.org\/{rel}","templated":true}]}}