{"id":885,"date":"2017-03-10T20:48:05","date_gmt":"2017-03-10T20:48:05","guid":{"rendered":"https:\/\/www.seasidemexico.com\/puerto-vallarta\/?page_id=885"},"modified":"2017-12-19T15:55:44","modified_gmt":"2017-12-19T15:55:44","slug":"support","status":"publish","type":"page","link":"https:\/\/www.seasidemexico.com\/puerto-vallarta\/property-owners\/support\/","title":{"rendered":"Puerto Vallarta Owner Support"},"content":{"rendered":"<div class=\"box\">\n<div class=\"col-sm-6 col-xs-12\">\n<p><img loading=\"lazy\" decoding=\"async\" class=\"wp-image-892\" src=\"https:\/\/www.seasidemexico.com\/puerto-vallarta\/files\/2017\/03\/sea_side_logo.jpg\" alt=\"Sea Side Reservations Logo\" width=\"180\" height=\"62\"><br \/>\n<img decoding=\"async\" class=\"size-medium wp-image-901\" src=\"https:\/\/www.seasidemexico.com\/puerto-vallarta\/files\/2017\/03\/vallarta-300x225.jpg\" alt=\"vallarta\" width=\"180\" srcset=\"https:\/\/www.seasidemexico.com\/puerto-vallarta\/files\/2017\/03\/vallarta-300x225.jpg 300w, https:\/\/www.seasidemexico.com\/puerto-vallarta\/files\/2017\/03\/vallarta.jpg 640w\" sizes=\"(max-width: 300px) 100vw, 300px\" \/><\/p>\n<h2>Owner Support Information:<\/h2>\n<p><strong>Manager:<\/strong><br \/>\nRoberto Gracida<\/p>\n<p><strong>Email:<\/strong><br \/>\n<a href=\"mailto:puertovallarta@seasidemexico.com\">puertovallarta@seasidemexico.com<\/a><\/p>\n<p><strong>Phone Numbers:<\/strong><br \/>\n602 759 7997<\/p>\n<p><strong>Owner Support Mailing Address:<\/strong><br \/>\nL\u00e1zaro C\u00e1rdenas #86 int. 8, en Plaza Boracay, entre Juarez y Abasolo. Col. Zona Dorada. Bucer\u00edas, Nayarit, CP 63732.<\/p>\n<p><a href=\"https:\/\/login.seasidemexico.com\/auth_login.html\">Owner\u2019s Login<\/a><br \/>\n<a href=\"http:\/\/www.seasidebillpay.com\/\">Bill Pay Login<\/a><br \/>\n<a href=\"https:\/\/travelagent.streamlinevrs.com\/auth_login.html\">Travel Agent Login<\/a><br \/>\n<a href=\"http:\/\/www.seasidemexico.com\/oscars\/\">Oscars Login<\/a><\/p>\n<\/div>\n<div class=\"col-sm-6 col-xs-12 light-grey-block\">\n<h2 class=\"t-center\">Contact Owner Support<\/h2>\n<div role=\"form\" class=\"wpcf7\" id=\"wpcf7-f516-o1\" dir=\"ltr\">\n<div class=\"screen-reader-response\"><\/div>\n<form action=\"\/puerto-vallarta\/wp-json\/wp\/v2\/pages\/885#wpcf7-f516-o1\" method=\"post\" class=\"wpcf7-form\" novalidate=\"novalidate\">\n<div style=\"display: none;\">\n<input type=\"hidden\" name=\"_wpcf7\" value=\"516\" \/>\n<input type=\"hidden\" name=\"_wpcf7_version\" value=\"4.7\" \/>\n<input type=\"hidden\" name=\"_wpcf7_locale\" value=\"\" \/>\n<input type=\"hidden\" name=\"_wpcf7_unit_tag\" value=\"wpcf7-f516-o1\" \/>\n<input type=\"hidden\" name=\"_wpnonce\" value=\"a43f9ef135\" \/>\n<\/div>\n<div class=\"form-group\">\n  <label for=\"your-name\">Your Name:<\/label><br \/>\n  <span class=\"wpcf7-form-control-wrap your-name\"><input type=\"text\" name=\"your-name\" value=\"\" size=\"40\" class=\"wpcf7-form-control wpcf7-text wpcf7-validates-as-required form-control\" id=\"your-name\" aria-required=\"true\" aria-invalid=\"false\" \/><\/span>\n<\/div>\n<div class=\"form-group\">\n  <label for=\"email\">Email Address:<\/label><br \/>\n  <span class=\"wpcf7-form-control-wrap your-email\"><input type=\"email\" name=\"your-email\" value=\"\" size=\"40\" class=\"wpcf7-form-control wpcf7-text wpcf7-email wpcf7-validates-as-required wpcf7-validates-as-email form-control\" id=\"your-email\" aria-required=\"true\" aria-invalid=\"false\" \/><\/span>\n<\/div>\n<div class=\"form-group\">\n  <label for=\"your-phone\">Phone:<\/label><br \/>\n  <span class=\"wpcf7-form-control-wrap your-phone\"><input type=\"text\" name=\"your-phone\" value=\"\" size=\"40\" class=\"wpcf7-form-control wpcf7-text wpcf7-validates-as-required form-control\" id=\"your-phone\" aria-required=\"true\" aria-invalid=\"false\" \/><\/span>\n<\/div>\n<div class=\"form-group\">\n  <label for=\"tomessage\">Department:<\/label><br \/>\n  <select name= \"tomessage\" id=\"tomessage\" class=\"wpcf7-form-control wpcf7-validates-as-required form-control\"><br \/>\n    <option value=\"maintenance@seasidemexico.com\">Maintenance<\/option><br \/>\n    <option value=\"seasideownersupport@seasidemexico.com\">Owner Support<\/option><br \/>\n  <\/select>\n<\/div>\n<div class=\"form-group\">\n  <label for=\"your-message\">Questions or Comments:<\/label><br \/>\n  <span class=\"wpcf7-form-control-wrap your-message\"><textarea name=\"your-message\" cols=\"40\" rows=\"8\" class=\"wpcf7-form-control wpcf7-textarea wpcf7-validates-as-required form-control\" id=\"your-message\" aria-required=\"true\" aria-invalid=\"false\"><\/textarea><\/span>\n<\/div>\n<div class=\"form-group\">\n<div class=\"wpcf7-form-control-wrap\"><div data-sitekey=\"6LeAXCgUAAAAAN26H1AGRNgePO406438Mp9D-bts\" class=\"wpcf7-form-control g-recaptcha wpcf7-recaptcha\"><\/div>\n<noscript>\n\t<div style=\"width: 302px; height: 422px;\">\n\t\t<div style=\"width: 302px; height: 422px; position: relative;\">\n\t\t\t<div style=\"width: 302px; height: 422px; position: absolute;\">\n\t\t\t\t<iframe src=\"https:\/\/www.google.com\/recaptcha\/api\/fallback?k=6LeAXCgUAAAAAN26H1AGRNgePO406438Mp9D-bts\" frameborder=\"0\" scrolling=\"no\" style=\"width: 302px; height:422px; border-style: none;\">\n\t\t\t\t<\/iframe>\n\t\t\t<\/div>\n\t\t\t<div style=\"width: 300px; height: 60px; border-style: none; bottom: 12px; left: 25px; margin: 0px; padding: 0px; right: 25px; background: #f9f9f9; border: 1px solid #c1c1c1; border-radius: 3px;\">\n\t\t\t\t<textarea id=\"g-recaptcha-response\" name=\"g-recaptcha-response\" class=\"g-recaptcha-response\" style=\"width: 250px; height: 40px; border: 1px solid #c1c1c1; margin: 10px 25px; padding: 0px; resize: none;\">\n\t\t\t\t<\/textarea>\n\t\t\t<\/div>\n\t\t<\/div>\n\t<\/div>\n<\/noscript>\n<\/div>\n<\/div>\n<div class=\"form-group\">\n  <input type=\"submit\" value=\"Submit\" class=\"wpcf7-form-control wpcf7-submit blue_button\" \/>\n<\/div>\n<div class=\"wpcf7-response-output wpcf7-display-none\"><\/div><\/form><\/div>\n<\/div>\n<\/div>\n","protected":false},"excerpt":{"rendered":"<p>Owner Support Information: Manager: Roberto Gracida Email: puertovallarta@seasidemexico.com Phone Numbers: 602 759 7997 Owner Support Mailing Address: L\u00e1zaro C\u00e1rdenas #86 int. 8, en Plaza Boracay, entre Juarez y Abasolo. Col. Zona Dorada. Bucer\u00edas, Nayarit, CP 63732. Owner\u2019s Login Bill Pay Login Travel Agent Login Oscars Login Contact Owner Support<\/p>\n","protected":false},"author":1,"featured_media":0,"parent":1059,"menu_order":0,"comment_status":"closed","ping_status":"closed","template":"search-result.php","meta":{"ngg_post_thumbnail":0,"footnotes":""},"class_list":["post-885","page","type-page","status-publish","hentry"],"yoast_head":"<!-- This site is optimized with the Yoast SEO plugin v17.8 - https:\/\/yoast.com\/wordpress\/plugins\/seo\/ -->\n<meta name=\"robots\" content=\"index, follow, max-snippet:-1, max-image-preview:large, max-video-preview:-1\" \/>\n<link rel=\"canonical\" href=\"https:\/\/www.seasidemexico.com\/puerto-vallarta\/property-owners\/support\/\" \/>\n<meta property=\"og:locale\" content=\"en_US\" \/>\n<meta property=\"og:type\" content=\"article\" \/>\n<meta property=\"og:title\" content=\"Puerto Vallarta Owner Support - Puerto Vallarta\" \/>\n<meta property=\"og:description\" content=\"Owner Support Information: Manager: Roberto Gracida Email: puertovallarta@seasidemexico.com Phone Numbers: 602 759 7997 Owner Support Mailing Address: L\u00e1zaro C\u00e1rdenas #86 int. 8, en Plaza Boracay, entre Juarez y Abasolo. Col. Zona Dorada. Bucer\u00edas, Nayarit, CP 63732. Owner\u2019s Login Bill Pay Login Travel Agent Login Oscars Login Contact Owner Support\" \/>\n<meta property=\"og:url\" content=\"https:\/\/www.seasidemexico.com\/puerto-vallarta\/property-owners\/support\/\" \/>\n<meta property=\"og:site_name\" content=\"Puerto Vallarta\" \/>\n<meta property=\"article:modified_time\" content=\"2017-12-19T15:55:44+00:00\" \/>\n<meta property=\"og:image\" content=\"https:\/\/www.seasidemexico.com\/puerto-vallarta\/files\/2017\/03\/sea_side_logo.jpg\" \/>\n<meta name=\"twitter:card\" content=\"summary\" \/>\n<script type=\"application\/ld+json\" class=\"yoast-schema-graph\">{\"@context\":\"https:\/\/schema.org\",\"@graph\":[{\"@type\":\"WebSite\",\"@id\":\"https:\/\/www.seasidemexico.com\/puerto-vallarta\/#website\",\"url\":\"https:\/\/www.seasidemexico.com\/puerto-vallarta\/\",\"name\":\"Puerto Vallarta\",\"description\":\"Just another Rocky Point Rentals Sites site\",\"potentialAction\":[{\"@type\":\"SearchAction\",\"target\":{\"@type\":\"EntryPoint\",\"urlTemplate\":\"https:\/\/www.seasidemexico.com\/puerto-vallarta\/?s={search_term_string}\"},\"query-input\":\"required name=search_term_string\"}],\"inLanguage\":\"en-US\"},{\"@type\":\"ImageObject\",\"@id\":\"https:\/\/www.seasidemexico.com\/puerto-vallarta\/property-owners\/support\/#primaryimage\",\"inLanguage\":\"en-US\",\"url\":\"https:\/\/www.seasidemexico.com\/puerto-vallarta\/files\/2017\/03\/sea_side_logo.jpg\",\"contentUrl\":\"https:\/\/www.seasidemexico.com\/puerto-vallarta\/files\/2017\/03\/sea_side_logo.jpg\",\"width\":250,\"height\":86,\"caption\":\"Sea Side Reservations Logo\"},{\"@type\":\"WebPage\",\"@id\":\"https:\/\/www.seasidemexico.com\/puerto-vallarta\/property-owners\/support\/#webpage\",\"url\":\"https:\/\/www.seasidemexico.com\/puerto-vallarta\/property-owners\/support\/\",\"name\":\"Puerto Vallarta Owner Support - Puerto Vallarta\",\"isPartOf\":{\"@id\":\"https:\/\/www.seasidemexico.com\/puerto-vallarta\/#website\"},\"primaryImageOfPage\":{\"@id\":\"https:\/\/www.seasidemexico.com\/puerto-vallarta\/property-owners\/support\/#primaryimage\"},\"datePublished\":\"2017-03-10T20:48:05+00:00\",\"dateModified\":\"2017-12-19T15:55:44+00:00\",\"breadcrumb\":{\"@id\":\"https:\/\/www.seasidemexico.com\/puerto-vallarta\/property-owners\/support\/#breadcrumb\"},\"inLanguage\":\"en-US\",\"potentialAction\":[{\"@type\":\"ReadAction\",\"target\":[\"https:\/\/www.seasidemexico.com\/puerto-vallarta\/property-owners\/support\/\"]}]},{\"@type\":\"BreadcrumbList\",\"@id\":\"https:\/\/www.seasidemexico.com\/puerto-vallarta\/property-owners\/support\/#breadcrumb\",\"itemListElement\":[{\"@type\":\"ListItem\",\"position\":1,\"name\":\"Home\",\"item\":\"https:\/\/www.seasidemexico.com\/puerto-vallarta\/\"},{\"@type\":\"ListItem\",\"position\":2,\"name\":\"Puerto Vallarta Property Management\",\"item\":\"https:\/\/www.seasidemexico.com\/puerto-vallarta\/property-owners\/\"},{\"@type\":\"ListItem\",\"position\":3,\"name\":\"Puerto Vallarta Owner Support\"}]}]}<\/script>\n<!-- \/ Yoast SEO plugin. -->","yoast_head_json":{"robots":{"index":"index","follow":"follow","max-snippet":"max-snippet:-1","max-image-preview":"max-image-preview:large","max-video-preview":"max-video-preview:-1"},"canonical":"https:\/\/www.seasidemexico.com\/puerto-vallarta\/property-owners\/support\/","og_locale":"en_US","og_type":"article","og_title":"Puerto Vallarta Owner Support - Puerto Vallarta","og_description":"Owner Support Information: Manager: Roberto Gracida Email: puertovallarta@seasidemexico.com Phone Numbers: 602 759 7997 Owner Support Mailing Address: L\u00e1zaro C\u00e1rdenas #86 int. 8, en Plaza Boracay, entre Juarez y Abasolo. Col. Zona Dorada. Bucer\u00edas, Nayarit, CP 63732. Owner\u2019s Login Bill Pay Login Travel Agent Login Oscars Login Contact Owner Support","og_url":"https:\/\/www.seasidemexico.com\/puerto-vallarta\/property-owners\/support\/","og_site_name":"Puerto Vallarta","article_modified_time":"2017-12-19T15:55:44+00:00","og_image":[{"url":"https:\/\/www.seasidemexico.com\/puerto-vallarta\/files\/2017\/03\/sea_side_logo.jpg"}],"twitter_card":"summary","schema":{"@context":"https:\/\/schema.org","@graph":[{"@type":"WebSite","@id":"https:\/\/www.seasidemexico.com\/puerto-vallarta\/#website","url":"https:\/\/www.seasidemexico.com\/puerto-vallarta\/","name":"Puerto Vallarta","description":"Just another Rocky Point Rentals Sites site","potentialAction":[{"@type":"SearchAction","target":{"@type":"EntryPoint","urlTemplate":"https:\/\/www.seasidemexico.com\/puerto-vallarta\/?s={search_term_string}"},"query-input":"required name=search_term_string"}],"inLanguage":"en-US"},{"@type":"ImageObject","@id":"https:\/\/www.seasidemexico.com\/puerto-vallarta\/property-owners\/support\/#primaryimage","inLanguage":"en-US","url":"https:\/\/www.seasidemexico.com\/puerto-vallarta\/files\/2017\/03\/sea_side_logo.jpg","contentUrl":"https:\/\/www.seasidemexico.com\/puerto-vallarta\/files\/2017\/03\/sea_side_logo.jpg","width":250,"height":86,"caption":"Sea Side Reservations Logo"},{"@type":"WebPage","@id":"https:\/\/www.seasidemexico.com\/puerto-vallarta\/property-owners\/support\/#webpage","url":"https:\/\/www.seasidemexico.com\/puerto-vallarta\/property-owners\/support\/","name":"Puerto Vallarta Owner Support - Puerto Vallarta","isPartOf":{"@id":"https:\/\/www.seasidemexico.com\/puerto-vallarta\/#website"},"primaryImageOfPage":{"@id":"https:\/\/www.seasidemexico.com\/puerto-vallarta\/property-owners\/support\/#primaryimage"},"datePublished":"2017-03-10T20:48:05+00:00","dateModified":"2017-12-19T15:55:44+00:00","breadcrumb":{"@id":"https:\/\/www.seasidemexico.com\/puerto-vallarta\/property-owners\/support\/#breadcrumb"},"inLanguage":"en-US","potentialAction":[{"@type":"ReadAction","target":["https:\/\/www.seasidemexico.com\/puerto-vallarta\/property-owners\/support\/"]}]},{"@type":"BreadcrumbList","@id":"https:\/\/www.seasidemexico.com\/puerto-vallarta\/property-owners\/support\/#breadcrumb","itemListElement":[{"@type":"ListItem","position":1,"name":"Home","item":"https:\/\/www.seasidemexico.com\/puerto-vallarta\/"},{"@type":"ListItem","position":2,"name":"Puerto Vallarta Property Management","item":"https:\/\/www.seasidemexico.com\/puerto-vallarta\/property-owners\/"},{"@type":"ListItem","position":3,"name":"Puerto Vallarta Owner Support"}]}]}},"_links":{"self":[{"href":"https:\/\/www.seasidemexico.com\/puerto-vallarta\/wp-json\/wp\/v2\/pages\/885","targetHints":{"allow":["GET"]}}],"collection":[{"href":"https:\/\/www.seasidemexico.com\/puerto-vallarta\/wp-json\/wp\/v2\/pages"}],"about":[{"href":"https:\/\/www.seasidemexico.com\/puerto-vallarta\/wp-json\/wp\/v2\/types\/page"}],"author":[{"embeddable":true,"href":"https:\/\/www.seasidemexico.com\/puerto-vallarta\/wp-json\/wp\/v2\/users\/1"}],"replies":[{"embeddable":true,"href":"https:\/\/www.seasidemexico.com\/puerto-vallarta\/wp-json\/wp\/v2\/comments?post=885"}],"version-history":[{"count":0,"href":"https:\/\/www.seasidemexico.com\/puerto-vallarta\/wp-json\/wp\/v2\/pages\/885\/revisions"}],"up":[{"embeddable":true,"href":"https:\/\/www.seasidemexico.com\/puerto-vallarta\/wp-json\/wp\/v2\/pages\/1059"}],"wp:attachment":[{"href":"https:\/\/www.seasidemexico.com\/puerto-vallarta\/wp-json\/wp\/v2\/media?parent=885"}],"curies":[{"name":"wp","href":"https:\/\/api.w.org\/{rel}","templated":true}]}}