{"id":151,"date":"2015-07-28T15:30:15","date_gmt":"2015-07-28T15:30:15","guid":{"rendered":"http:\/\/www.seasidemexico.com\/loscabos\/?page_id=151"},"modified":"2017-08-28T17:46:37","modified_gmt":"2017-08-28T17:46:37","slug":"mexican-revolution","status":"publish","type":"page","link":"https:\/\/www.seasidemexico.com\/cabo\/travel-information\/mexican-revolution\/","title":{"rendered":"Timeline of the Mexican Revolution"},"content":{"rendered":"<p><img loading=\"lazy\" decoding=\"async\" class=\" size-medium wp-image-153 alignleft\" src=\"https:\/\/www.seasidemexico.com\/cabo\/files\/2015\/07\/Defensa-300x207.jpg\" alt=\"Defensa\" width=\"300\" height=\"207\" srcset=\"https:\/\/www.seasidemexico.com\/cabo\/files\/2015\/07\/Defensa-300x207.jpg 300w, https:\/\/www.seasidemexico.com\/cabo\/files\/2015\/07\/Defensa.jpg 600w\" sizes=\"auto, (max-width: 300px) 100vw, 300px\" \/><\/p>\n<p>The Mexican Revolution officially began in 1910 as a middle-class uprising against dictator Porfirio Diaz. Diaz assumed power of Mexico as a result of a military coup. Under his regime, the constitution was ignored and the politically powerful controlled the nation. After ousting Diaz from power, factions competed violently for power over the next 10 years.<\/p>\n<p><b>1819<\/b>: The <a href=\"http:\/\/www.tamu.edu\/faculty\/ccbn\/dewitt\/adamonis.htm\">Adams-Onis Treaty<\/a> involved an agreement between the United States and Spain about the boundary between America and Mexico.<\/p>\n<p><b>August 1821<\/b>: The final Spanish viceroy signs the <a href=\"http:\/\/www.txindependence.org\/pdfs\/texas_timeline.pdf\">Treaty of C\u00f3rdoba<\/a>, setting in motion the beginning of Mexican independence.<\/p>\n<p><b>1823<\/b>: <a href=\"http:\/\/www.history.com\/topics\/mexico\/mexico-timeline\">Iturbide is deposed<\/a> by General Antonio L\u00f3pez de Santa Anna, who officially declares a Mexican republic.<\/p>\n<p><b>1833<\/b>: Santa Anna becomes <a href=\"http:\/\/www.sjsu.edu\/faculty\/watkins\/mexhist01.htm\">president of Mexico<\/a> after leading the successful defense against Spain, which attempted to recapture Mexico.<\/p>\n<p><b>May 12, 1846<\/b>: The United States declares war on Mexico, beginning the <a href=\"http:\/\/www.softschools.com\/timelines\/texas_revolution_timeline\/64\/\">Mexican-American War<\/a>.<\/p>\n<p><b>February 2, 1848<\/b>: The Treaty of Guadalupe Hidalgo brought an end to the Mexican-American War.<\/p>\n<p><b>1857<\/b>: A new constitution is established, which creates a centralized form of government and guarantees freedom of speech and male suffrage.<\/p>\n<p><b>1861<\/b>: Benito J\u00faarez becomes the Mexican president. J\u00faarez cancels payments for Mexico&#8217;s debts to foreign governments.<\/p>\n<p><b>June 1863<\/b>: Napoleon III of France occupies Mexico City with troops, leading J\u00faarez to flee the city.<\/p>\n<p><b>1867<\/b>: France finally withdraws its troops from Mexico under pressure from America.<\/p>\n<p><b>1877<\/b>: <a href=\"http:\/\/clas.berkeley.edu\/sites\/default\/files\/shared\/docs\/tertiary\/BRLAS-Spring2010-CardenasRevolution.pdf\">D\u00edaz<\/a> assumes control of Mexico, maintaining a dictatorship until 1911.<\/p>\n<p><b>1884<\/b>: D\u00edaz begins a second term as Mexico&#8217;s president.<\/p>\n<p><b>1908<\/b>: D\u00edaz announces his planned retirement at the end of his current term.<\/p>\n<p><b>March 1908<\/b>: Pearson&#8217;s Magazine publishes the &#8220;<a href=\"http:\/\/brechtforum.org\/files\/filefield\/creelman_interview.pdf\">Creelman Interview<\/a>.&#8221;<img loading=\"lazy\" decoding=\"async\" class=\"alignright size-medium wp-image-154\" src=\"https:\/\/www.seasidemexico.com\/cabo\/files\/2015\/07\/Fuerzas_surianas_a_las_ordenes_de_Emiliano_Zapata-300x195.jpg\" alt=\"Fuerzas_surianas_a_las_ordenes_de_Emiliano_Zapata\" width=\"300\" height=\"195\" srcset=\"https:\/\/www.seasidemexico.com\/cabo\/files\/2015\/07\/Fuerzas_surianas_a_las_ordenes_de_Emiliano_Zapata-300x195.jpg 300w, https:\/\/www.seasidemexico.com\/cabo\/files\/2015\/07\/Fuerzas_surianas_a_las_ordenes_de_Emiliano_Zapata.jpg 652w\" sizes=\"auto, (max-width: 300px) 100vw, 300px\" \/><\/p>\n<p><b>September 27, 1910<\/b>: Diaz is named Mexican president for an eighth term.<\/p>\n<p><b>October 11, 1910<\/b>: Francisco Madero escapes from prison to Texas. Madero begins working toward a <a href=\"http:\/\/edsitement.neh.gov\/feature\/mexican-revolution-november-20th-1910\">rebellion against Diaz<\/a>.<\/p>\n<p><b>November 19, 1910<\/b>: During travel to Mexico, Madero encounters Mexican bandit Doroteo Arango, also known as <a href=\"http:\/\/coursesite.uhcl.edu\/HSH\/Whitec\/xhist\/MexIndWar.htm\">Pancho Villa<\/a>.<\/p>\n<p><b>November 20, 1910<\/b>: Madero begins to <a href=\"http:\/\/www.pbs.org\/kpbs\/theborder\/history\/timeline\/14.html\">organize an uprising<\/a>.<\/p>\n<p><b>January 30, 1911<\/b>: Pascual Orozoco attacks a <a href=\"http:\/\/academics.utep.edu\/portals\/1719\/publications\/mexicanrevolutiontimeline.pdf\">federal garrison<\/a>.<\/p>\n<p><b>February 13, 1911<\/b>: Jose Luis Moya takes occupation of Durango.<\/p>\n<p><b>February 26, 1911<\/b>: Moya captures Zacatecas.<\/p>\n<p><b>March 6, 1911<\/b>: Madero leads an attack on a federal garrison.<\/p>\n<p><b>March 24, 1911<\/b>: <a href=\"http:\/\/highlandsr.spps.org\/uploads\/mexican_revolution_timeline_period_2.pdf\">Emiliano Zapata<\/a> organizes a revolutionary band to protest land lost by Indians.<\/p>\n<p><b>April 3, 1911<\/b>: Madero leads 500 revolutionaries in an attack against Ciudad Juarez.<\/p>\n<p><b>May 7, 1911<\/b>: Battles ensue throughout Mexico, and Diaz offers his resignation.<\/p>\n<p><b>May 10, 1911<\/b>: Federales occupying Ciudad Juarez surrender, which gives Madero and Villa access to modern weaponry.<\/p>\n<p><b>May 13, 1911<\/b>: Orzoco and Villa demand the execution of federal officers. With Madero&#8217;s refusal, Orzoco and Villa soon split from Madero.<\/p>\n<p><b>May 21, 1911<\/b>: Madero signs the Treaty of Ciudad with Diaz.<\/p>\n<p><b>May 25, 1911<\/b>: <a href=\"http:\/\/www.bbc.com\/news\/world-latin-america-19828041\">Riots break out<\/a> in Mexico City. Diaz resigns, and Francisco Leon de la Barra becomes Mexico&#8217;s interim president.<\/p>\n<p><b>June 1911<\/b>: A powerful earthquake hits Mexico City, killing 207 people.<\/p>\n<p><b>June 22, 1911<\/b>: Pascual Orozoco&#8217;s army makes Chihuahua City its headquarters.<\/p>\n<p><b>August 8, 1911<\/b>: Victoriano Huerta arrives in Cuernavaca with about 1,000 troops to force the demobilization of Zapata and his army.<\/p>\n<p><b>August 31, 1911<\/b>: Huerta moves for Zapata&#8217;s arrest, but he runs away to the countryside.<\/p>\n<p><b>November 6, 1911<\/b>: Madero wins the <a href=\"http:\/\/www.latinamericanstudies.org\/mexican-revolution\/mex-rev-chronology.htm\">Mexican presidential election<\/a>, and he takes the oath of office.<\/p>\n<p><b>March 3, 1912<\/b>: Orozoco makes a move against Madero with an attack on a train full of federal soldiers.<\/p>\n<p><b>April 26, 1912<\/b>: Pedro Leon leads a mutiny in Mexico City.<\/p>\n<p><b>February 9, 1913<\/b>: Felix Diaz and generals Mondragon and Ruiz lead a <a href=\"http:\/\/cdnc.ucr.edu\/cgi-bin\/cdnc?a=d&amp;d=SFC19130220.2.2\">10-day mutiny<\/a> against Madero.<\/p>\n<p><b>February 22, 1913<\/b>: <a href=\"http:\/\/libguides.msmary.edu\/c.php?g=11485&amp;p=60182\">Victoriano Huerta<\/a> orders the murders of Madero and Vice President Jos\u00e9 Mar\u00eda Pino Su\u00e1rez. Huerta seizes power.<\/p>\n<p><b>February 24, 1913<\/b>: Venustiano Carranza leads a rebellion against Huerta.<\/p>\n<p><b><img loading=\"lazy\" decoding=\"async\" class=\" size-medium wp-image-155 alignleft\" src=\"https:\/\/www.seasidemexico.com\/cabo\/files\/2015\/07\/Mexican_Revolution_14-300x190.jpg\" alt=\"Mexican_Revolution_(14)\" width=\"300\" height=\"190\" srcset=\"https:\/\/www.seasidemexico.com\/cabo\/files\/2015\/07\/Mexican_Revolution_14-300x190.jpg 300w, https:\/\/www.seasidemexico.com\/cabo\/files\/2015\/07\/Mexican_Revolution_14-1024x649.jpg 1024w, https:\/\/www.seasidemexico.com\/cabo\/files\/2015\/07\/Mexican_Revolution_14.jpg 1536w\" sizes=\"auto, (max-width: 300px) 100vw, 300px\" \/>March 9, 1913<\/b>: Villa escapes imprisonment and organizes an uprising against Huerta.<\/p>\n<p><b>March 26, 1913<\/b>: Carranza issues the Plan de Guadalupe, which officially refuses recognition of Huerta as president of Mexico.<\/p>\n<p><b>May 30, 1913<\/b>: Zapata officially declares war on Huerta.<\/p>\n<p><b>March 22, 1914<\/b>: The Second Battle of Torreon erupts, with heavy casualties.<\/p>\n<p><b>April 9, 1914<\/b>: The Tampico Affair involves the detainment of American war ships, positioned there to protect Americans in the vicinity.<\/p>\n<p><b>April 21, 1914<\/b>: American troops arrive in Veracruz.<\/p>\n<p><b>June 15, 1914<\/b>: <a href=\"http:\/\/www.loc.gov\/rr\/hispanic\/mexico\/timeline.html\">Huerta resigns<\/a> as Mexican president.<\/p>\n<p><b>August 20, 1914<\/b>: <a href=\"http:\/\/www2.ups.edu\/faculty\/jlago\/fl380\/source3_02.htm\">\u00c1lvaro Obreg\u00f3n&#8217;s<\/a> army travels to Mexico City, and Carranza becomes Mexico&#8217;s president.<\/p>\n<p><b>October 19, 1915<\/b>: The United States, Argentina, and other countries officially recognize Carranza as president.<\/p>\n<p><b>December 1916<\/b>: Carranza organizes a <a href=\"http:\/\/ib-history-i-hl-p2-yrh.gar-fieldhs.schools.pwcs.edu\/modules\/groups\/homepagefiles\/gwp\/22578\/2821402\/File\/Mexican%20Revolution%20IBDP%201%20Review.pdf\">constitutional convention<\/a>. On Feb 17, 1917, the constitution is approved, allowing freedom of religion, the prohibition of child labor, and equal pay for men and women.<\/p>\n<p><b>May 1, 1917<\/b>: Carranza is officially elected Mexico&#8217;s president.<\/p>\n<p><b>1920<\/b>: Carranza&#8217;s presidential term of office is nearly over, and he cannot run another time because of a rule against re-election.<\/p>\n<p><b>May 7, 1920<\/b>: After an uprising, Carranza <a href=\"http:\/\/lhcs.rutgers.edu\/lauria\/mexico\/mexrevchron2.htm\">flees to Veracruz<\/a>, stealing vast amounts from the national treasury. Rodolfo Herrero murders Carranza.<\/p>\n<p><b>November 30, 1920<\/b>: Obregon is elected <a href=\"http:\/\/laii.unm.edu\/outreach\/common\/lesson-plans\/mexican-revolution\/Viva-la-Revolucion_Complete-Guide.pdf\">Mexican president<\/a>.<\/p>\n<div class=\"edited_by\"><a href=\"http:\/\/www.seasidemexico.com\/steve-schwab\/\">by Steve Schwab<\/a><\/div>\n","protected":false},"excerpt":{"rendered":"<p>The Mexican Revolution officially began in 1910 as a middle-class uprising against dictator Porfirio Diaz. Diaz assumed power of Mexico as a result of a military coup. Under his regime, the constitution was ignored and the politically powerful controlled the nation. After ousting Diaz from power, factions competed violently for power over the next 10 years. 1819: The Adams-Onis Treaty involved an agreement between the United States and Spain about the boundary between America and Mexico. August 1821: The final Spanish viceroy signs the Treaty of C\u00f3rdoba, setting in motion the beginning of Mexican independence. 1823: Iturbide is deposed by [&hellip;]<\/p>\n","protected":false},"author":1,"featured_media":0,"parent":386,"menu_order":0,"comment_status":"closed","ping_status":"closed","template":"search-result.php","meta":{"ngg_post_thumbnail":0,"footnotes":""},"class_list":["post-151","page","type-page","status-publish","hentry"],"yoast_head":"<!-- This site is optimized with the Yoast SEO plugin v17.8 - https:\/\/yoast.com\/wordpress\/plugins\/seo\/ -->\n<meta name=\"robots\" content=\"index, follow, max-snippet:-1, max-image-preview:large, max-video-preview:-1\" \/>\n<link rel=\"canonical\" href=\"https:\/\/www.seasidemexico.com\/cabo\/travel-information\/mexican-revolution\/\" \/>\n<meta property=\"og:locale\" content=\"en_US\" \/>\n<meta property=\"og:type\" content=\"article\" \/>\n<meta property=\"og:title\" content=\"Timeline of the Mexican Revolution - Cabo San Lucas\" \/>\n<meta property=\"og:description\" content=\"The Mexican Revolution officially began in 1910 as a middle-class uprising against dictator Porfirio Diaz. Diaz assumed power of Mexico as a result of a military coup. Under his regime, the constitution was ignored and the politically powerful controlled the nation. After ousting Diaz from power, factions competed violently for power over the next 10 years. 1819: The Adams-Onis Treaty involved an agreement between the United States and Spain about the boundary between America and Mexico. August 1821: The final Spanish viceroy signs the Treaty of C\u00f3rdoba, setting in motion the beginning of Mexican independence. 1823: Iturbide is deposed by [&hellip;]\" \/>\n<meta property=\"og:url\" content=\"https:\/\/www.seasidemexico.com\/cabo\/travel-information\/mexican-revolution\/\" \/>\n<meta property=\"og:site_name\" content=\"Cabo San Lucas\" \/>\n<meta property=\"article:modified_time\" content=\"2017-08-28T17:46:37+00:00\" \/>\n<meta property=\"og:image\" content=\"https:\/\/www.seasidemexico.com\/cabo\/files\/2015\/07\/Defensa-300x207.jpg\" \/>\n<meta name=\"twitter:card\" content=\"summary\" \/>\n<meta name=\"twitter:label1\" content=\"Est. reading time\" \/>\n\t<meta name=\"twitter:data1\" content=\"4 minutes\" \/>\n<script type=\"application\/ld+json\" class=\"yoast-schema-graph\">{\"@context\":\"https:\/\/schema.org\",\"@graph\":[{\"@type\":\"WebSite\",\"@id\":\"https:\/\/www.seasidemexico.com\/cabo\/#website\",\"url\":\"https:\/\/www.seasidemexico.com\/cabo\/\",\"name\":\"Cabo San Lucas\",\"description\":\"\",\"potentialAction\":[{\"@type\":\"SearchAction\",\"target\":{\"@type\":\"EntryPoint\",\"urlTemplate\":\"https:\/\/www.seasidemexico.com\/cabo\/?s={search_term_string}\"},\"query-input\":\"required name=search_term_string\"}],\"inLanguage\":\"en-US\"},{\"@type\":\"ImageObject\",\"@id\":\"https:\/\/www.seasidemexico.com\/cabo\/travel-information\/mexican-revolution\/#primaryimage\",\"inLanguage\":\"en-US\",\"url\":\"https:\/\/www.seasidemexico.com\/cabo\/files\/2015\/07\/Defensa.jpg\",\"contentUrl\":\"https:\/\/www.seasidemexico.com\/cabo\/files\/2015\/07\/Defensa.jpg\",\"width\":600,\"height\":413},{\"@type\":\"WebPage\",\"@id\":\"https:\/\/www.seasidemexico.com\/cabo\/travel-information\/mexican-revolution\/#webpage\",\"url\":\"https:\/\/www.seasidemexico.com\/cabo\/travel-information\/mexican-revolution\/\",\"name\":\"Timeline of the Mexican Revolution - Cabo San Lucas\",\"isPartOf\":{\"@id\":\"https:\/\/www.seasidemexico.com\/cabo\/#website\"},\"primaryImageOfPage\":{\"@id\":\"https:\/\/www.seasidemexico.com\/cabo\/travel-information\/mexican-revolution\/#primaryimage\"},\"datePublished\":\"2015-07-28T15:30:15+00:00\",\"dateModified\":\"2017-08-28T17:46:37+00:00\",\"breadcrumb\":{\"@id\":\"https:\/\/www.seasidemexico.com\/cabo\/travel-information\/mexican-revolution\/#breadcrumb\"},\"inLanguage\":\"en-US\",\"potentialAction\":[{\"@type\":\"ReadAction\",\"target\":[\"https:\/\/www.seasidemexico.com\/cabo\/travel-information\/mexican-revolution\/\"]}]},{\"@type\":\"BreadcrumbList\",\"@id\":\"https:\/\/www.seasidemexico.com\/cabo\/travel-information\/mexican-revolution\/#breadcrumb\",\"itemListElement\":[{\"@type\":\"ListItem\",\"position\":1,\"name\":\"Home\",\"item\":\"https:\/\/www.seasidemexico.com\/cabo\/\"},{\"@type\":\"ListItem\",\"position\":2,\"name\":\"San Jos\\u00e9 del Cabo Travel Information\",\"item\":\"https:\/\/www.seasidemexico.com\/cabo\/travel-information\/\"},{\"@type\":\"ListItem\",\"position\":3,\"name\":\"Timeline of the Mexican Revolution\"}]}]}<\/script>\n<!-- \/ Yoast SEO plugin. -->","yoast_head_json":{"robots":{"index":"index","follow":"follow","max-snippet":"max-snippet:-1","max-image-preview":"max-image-preview:large","max-video-preview":"max-video-preview:-1"},"canonical":"https:\/\/www.seasidemexico.com\/cabo\/travel-information\/mexican-revolution\/","og_locale":"en_US","og_type":"article","og_title":"Timeline of the Mexican Revolution - Cabo San Lucas","og_description":"The Mexican Revolution officially began in 1910 as a middle-class uprising against dictator Porfirio Diaz. Diaz assumed power of Mexico as a result of a military coup. Under his regime, the constitution was ignored and the politically powerful controlled the nation. After ousting Diaz from power, factions competed violently for power over the next 10 years. 1819: The Adams-Onis Treaty involved an agreement between the United States and Spain about the boundary between America and Mexico. August 1821: The final Spanish viceroy signs the Treaty of C\u00f3rdoba, setting in motion the beginning of Mexican independence. 1823: Iturbide is deposed by [&hellip;]","og_url":"https:\/\/www.seasidemexico.com\/cabo\/travel-information\/mexican-revolution\/","og_site_name":"Cabo San Lucas","article_modified_time":"2017-08-28T17:46:37+00:00","og_image":[{"url":"https:\/\/www.seasidemexico.com\/cabo\/files\/2015\/07\/Defensa-300x207.jpg"}],"twitter_card":"summary","twitter_misc":{"Est. reading time":"4 minutes"},"schema":{"@context":"https:\/\/schema.org","@graph":[{"@type":"WebSite","@id":"https:\/\/www.seasidemexico.com\/cabo\/#website","url":"https:\/\/www.seasidemexico.com\/cabo\/","name":"Cabo San Lucas","description":"","potentialAction":[{"@type":"SearchAction","target":{"@type":"EntryPoint","urlTemplate":"https:\/\/www.seasidemexico.com\/cabo\/?s={search_term_string}"},"query-input":"required name=search_term_string"}],"inLanguage":"en-US"},{"@type":"ImageObject","@id":"https:\/\/www.seasidemexico.com\/cabo\/travel-information\/mexican-revolution\/#primaryimage","inLanguage":"en-US","url":"https:\/\/www.seasidemexico.com\/cabo\/files\/2015\/07\/Defensa.jpg","contentUrl":"https:\/\/www.seasidemexico.com\/cabo\/files\/2015\/07\/Defensa.jpg","width":600,"height":413},{"@type":"WebPage","@id":"https:\/\/www.seasidemexico.com\/cabo\/travel-information\/mexican-revolution\/#webpage","url":"https:\/\/www.seasidemexico.com\/cabo\/travel-information\/mexican-revolution\/","name":"Timeline of the Mexican Revolution - Cabo San Lucas","isPartOf":{"@id":"https:\/\/www.seasidemexico.com\/cabo\/#website"},"primaryImageOfPage":{"@id":"https:\/\/www.seasidemexico.com\/cabo\/travel-information\/mexican-revolution\/#primaryimage"},"datePublished":"2015-07-28T15:30:15+00:00","dateModified":"2017-08-28T17:46:37+00:00","breadcrumb":{"@id":"https:\/\/www.seasidemexico.com\/cabo\/travel-information\/mexican-revolution\/#breadcrumb"},"inLanguage":"en-US","potentialAction":[{"@type":"ReadAction","target":["https:\/\/www.seasidemexico.com\/cabo\/travel-information\/mexican-revolution\/"]}]},{"@type":"BreadcrumbList","@id":"https:\/\/www.seasidemexico.com\/cabo\/travel-information\/mexican-revolution\/#breadcrumb","itemListElement":[{"@type":"ListItem","position":1,"name":"Home","item":"https:\/\/www.seasidemexico.com\/cabo\/"},{"@type":"ListItem","position":2,"name":"San Jos\u00e9 del Cabo Travel Information","item":"https:\/\/www.seasidemexico.com\/cabo\/travel-information\/"},{"@type":"ListItem","position":3,"name":"Timeline of the Mexican Revolution"}]}]}},"_links":{"self":[{"href":"https:\/\/www.seasidemexico.com\/cabo\/wp-json\/wp\/v2\/pages\/151","targetHints":{"allow":["GET"]}}],"collection":[{"href":"https:\/\/www.seasidemexico.com\/cabo\/wp-json\/wp\/v2\/pages"}],"about":[{"href":"https:\/\/www.seasidemexico.com\/cabo\/wp-json\/wp\/v2\/types\/page"}],"author":[{"embeddable":true,"href":"https:\/\/www.seasidemexico.com\/cabo\/wp-json\/wp\/v2\/users\/1"}],"replies":[{"embeddable":true,"href":"https:\/\/www.seasidemexico.com\/cabo\/wp-json\/wp\/v2\/comments?post=151"}],"version-history":[{"count":0,"href":"https:\/\/www.seasidemexico.com\/cabo\/wp-json\/wp\/v2\/pages\/151\/revisions"}],"up":[{"embeddable":true,"href":"https:\/\/www.seasidemexico.com\/cabo\/wp-json\/wp\/v2\/pages\/386"}],"wp:attachment":[{"href":"https:\/\/www.seasidemexico.com\/cabo\/wp-json\/wp\/v2\/media?parent=151"}],"curies":[{"name":"wp","href":"https:\/\/api.w.org\/{rel}","templated":true}]}}